{"id":12136,"date":"2019-01-23T13:54:37","date_gmt":"2019-01-23T13:54:37","guid":{"rendered":"https:\/\/foxsecur.ca\/?page_id=12136"},"modified":"2020-07-09T07:23:27","modified_gmt":"2020-07-09T07:23:27","slug":"faq","status":"publish","type":"page","link":"https:\/\/foxsecur.ca\/fr_FR\/faq\/","title":{"rendered":"QUESTIONS"},"content":{"rendered":"<div class=\"fusion-fullwidth fullwidth-box fusion-builder-row-1 nonhundred-percent-fullwidth non-hundred-percent-height-scrolling\" style=\"background-color: rgba(255,255,255,0);background-position: center center;background-repeat: no-repeat;padding-top:0px;padding-right:0px;padding-bottom:0px;padding-left:0px;margin-bottom: 0px;margin-top: 0px;border-width: 0px 0px 0px 0px;border-color:#eae9e9;border-style:solid;\" ><div class=\"fusion-builder-row fusion-row\"><div class=\"fusion-layout-column fusion_builder_column fusion-builder-column-0 fusion_builder_column_1_1 1_1 fusion-one-full fusion-column-first fusion-column-last faq-french\" style=\"margin-top:0px;margin-bottom:20px;\"><div class=\"fusion-column-wrapper fusion-flex-column-wrapper-legacy\" style=\"background-position:left top;background-repeat:no-repeat;-webkit-background-size:cover;-moz-background-size:cover;-o-background-size:cover;background-size:cover;padding: 0px 0px 0px 0px;\"><style type=\"text\/css\">#accordion-12136-1 .fusion-panel:hover{ border-color: #e0dede } #accordion-12136-1 .fusion-panel { border-color:#e0dede; }.fusion-accordian  #accordion-12136-1 .panel-title a .fa-fusion-box{ color: #ffffff;}.fusion-accordian  #accordion-12136-1 .panel-title a .fa-fusion-box:before{ font-size: 13px; width: 13px;}.fusion-accordian  #accordion-12136-1 .panel-title a{line-height:1.5;color:#333333;font-family:\"Antic Slab\";font-weight:regular;}.fusion-accordian  #accordion-12136-1 .toggle-content{font-size:13px;color:#747474;font-family:\"PT Sans\";font-weight:regular;}.fusion-accordian  #accordion-12136-1 .fa-fusion-box { background-color: #333333;border-color: #333333;}.fusion-accordian  #accordion-12136-1 .panel-title a:not(.active):hover, #accordion-12136-1 .fusion-toggle-boxed-mode:hover .panel-title a { color: #a0ce4e;}.fusion-accordian  #accordion-12136-1 .panel-title .active .fa-fusion-box,.fusion-accordian  #accordion-12136-1 .panel-title a:not(.active):hover .fa-fusion-box { background-color: #a0ce4e!important;border-color: #a0ce4e!important;}<\/style><div class=\"accordian fusion-accordian\"><div class=\"panel-group\" id=\"accordion-12136-1\"><style type=\"text\/css\">.fusion-accordian  #accordion-12136-1 .panel-cc0534b07ad44dc56 .panel-title a{}.fusion-accordian  #accordion-12136-1 .panel-cc0534b07ad44dc56 .toggle-content{}<\/style><div class=\"fusion-panel panel-default panel-cc0534b07ad44dc56\"><div class=\"panel-heading\"><h4 class=\"panel-title toggle\"><a class=\"active\" aria-expanded=\"true\" aria-controls=\"cc0534b07ad44dc56\" role=\"button\" data-toggle=\"collapse\" data-parent=\"#accordion-12136-1\" data-target=\"#cc0534b07ad44dc56\" href=\"#cc0534b07ad44dc56\"><span class=\"fusion-toggle-icon-wrapper\" aria-hidden=\"true\"><i class=\"fa-fusion-box active-icon awb-icon-minus\" aria-hidden=\"true\"><\/i><i class=\"fa-fusion-box inactive-icon awb-icon-plus\" aria-hidden=\"true\"><\/i><\/span><span class=\"fusion-toggle-heading\">Comment pr\u00e9venir une fausse alarme?<\/span><\/a><\/h4><\/div><div id=\"cc0534b07ad44dc56\" class=\"panel-collapse collapse in\"><div class=\"panel-body toggle-content fusion-clearfix\">\n<p>Avant d\u2019armer votre syst\u00e8me, v\u00e9rifiez s\u2019il n\u2019y aurait pas autour de la maison un objet qui risque d\u2019interf\u00e9rer accidentellement avec vos d\u00e9tecteurs de mouvement et d\u00e9clencher une alarme.<\/p>\n<p><strong>Apprenez comment fonctionne votre syst\u00e8me. Son utilisation est simple<\/strong>.<\/p>\n<p>Au moment de l\u2019installation, notre technicien vous explique comment fonctionne le syst\u00e8me. Il vous remet aussi un manuel d\u2019utilisation. Gardez-le toujours \u00e0 port\u00e9e de la main.<\/p>\n<\/div><\/div><\/div><style type=\"text\/css\">.fusion-accordian  #accordion-12136-1 .panel-14810f35d7429a741 .panel-title a{}.fusion-accordian  #accordion-12136-1 .panel-14810f35d7429a741 .toggle-content{}<\/style><div class=\"fusion-panel panel-default panel-14810f35d7429a741\"><div class=\"panel-heading\"><h4 class=\"panel-title toggle\"><a aria-expanded=\"false\" aria-controls=\"14810f35d7429a741\" role=\"button\" data-toggle=\"collapse\" data-parent=\"#accordion-12136-1\" data-target=\"#14810f35d7429a741\" href=\"#14810f35d7429a741\"><span class=\"fusion-toggle-icon-wrapper\" aria-hidden=\"true\"><i class=\"fa-fusion-box active-icon awb-icon-minus\" aria-hidden=\"true\"><\/i><i class=\"fa-fusion-box inactive-icon awb-icon-plus\" aria-hidden=\"true\"><\/i><\/span><span class=\"fusion-toggle-heading\">Je m\u2019attendais \u00e0 un coup de fil de la centrale de surveillance, mais personne n\u2019a appel\u00e9. Pourquoi?<\/span><\/a><\/h4><\/div><div id=\"14810f35d7429a741\" class=\"panel-collapse collapse \"><div class=\"panel-body toggle-content fusion-clearfix\">\n<p>L\u2019alarme a \u00e9t\u00e9 con\u00e7ue de mani\u00e8re \u00e0 vous donner le temps d\u2019\u00e9teindre votre syst\u00e8me avant qu\u2019un signal d\u2019alarme ne soit envoy\u00e9 \u00e0 la centrale, ce qui vous le donne la chance d\u2019annuler le signal et de pr\u00e9venir une fausse alarme.<\/p>\n<\/div><\/div><\/div><style type=\"text\/css\">.fusion-accordian  #accordion-12136-1 .panel-28dd3e2e17c967965 .panel-title a{}.fusion-accordian  #accordion-12136-1 .panel-28dd3e2e17c967965 .toggle-content{}<\/style><div class=\"fusion-panel panel-default panel-28dd3e2e17c967965\"><div class=\"panel-heading\"><h4 class=\"panel-title toggle\"><a aria-expanded=\"false\" aria-controls=\"28dd3e2e17c967965\" role=\"button\" data-toggle=\"collapse\" data-parent=\"#accordion-12136-1\" data-target=\"#28dd3e2e17c967965\" href=\"#28dd3e2e17c967965\"><span class=\"fusion-toggle-icon-wrapper\" aria-hidden=\"true\"><i class=\"fa-fusion-box active-icon awb-icon-minus\" aria-hidden=\"true\"><\/i><i class=\"fa-fusion-box inactive-icon awb-icon-plus\" aria-hidden=\"true\"><\/i><\/span><span class=\"fusion-toggle-heading\">Qu\u2019arrive-t-il lorsqu\u2019on presse le bouton de panique ou le bouton d\u2019incendie sur le clavier?<\/span><\/a><\/h4><\/div><div id=\"28dd3e2e17c967965\" class=\"panel-collapse collapse \"><div class=\"panel-body toggle-content fusion-clearfix\">\n<p>En tenant l\u2019un de ces boutons enfonc\u00e9s pendant 1 \u00e0 3 secondes, vous transmettez un signal d\u2019alarme \u00e0 votre centrale de surveillance et les services d\u2019urgence sont imm\u00e9diatement d\u00e9p\u00each\u00e9s sur les lieux. Par principe, ce signal d\u2019alarme est d\u2019une extr\u00eame importance et l\u2019appel ne peut pas \u00eatre annul\u00e9.<\/p>\n<\/div><\/div><\/div><style type=\"text\/css\">.fusion-accordian  #accordion-12136-1 .panel-48a85931f3e1903e1 .panel-title a{}.fusion-accordian  #accordion-12136-1 .panel-48a85931f3e1903e1 .toggle-content{}<\/style><div class=\"fusion-panel panel-default panel-48a85931f3e1903e1\"><div class=\"panel-heading\"><h4 class=\"panel-title toggle\"><a aria-expanded=\"false\" aria-controls=\"48a85931f3e1903e1\" role=\"button\" data-toggle=\"collapse\" data-parent=\"#accordion-12136-1\" data-target=\"#48a85931f3e1903e1\" href=\"#48a85931f3e1903e1\"><span class=\"fusion-toggle-icon-wrapper\" aria-hidden=\"true\"><i class=\"fa-fusion-box active-icon awb-icon-minus\" aria-hidden=\"true\"><\/i><i class=\"fa-fusion-box inactive-icon awb-icon-plus\" aria-hidden=\"true\"><\/i><\/span><span class=\"fusion-toggle-heading\">Qu\u2019arrive-t-il si j\u2019ai oubli\u00e9 d\u2019armer mon syst\u00e8me?<\/span><\/a><\/h4><\/div><div id=\"48a85931f3e1903e1\" class=\"panel-collapse collapse \"><div class=\"panel-body toggle-content fusion-clearfix\">\n<p>Gr\u00e2ce \u00e0 des r\u00e8gles et des alertes que vous aurez pr\u00e9d\u00e9finies sans difficult\u00e9, vous pouvez recevoir des aide-m\u00e9moire si la porte de garage n\u2019est pas ferm\u00e9e \u00e0 22\u00a0heures, par exemple, ou si vous quittez la maison sans avoir arm\u00e9 le syst\u00e8me. Vous pouvez cr\u00e9er ces aide-m\u00e9moire d\u2019apr\u00e8s l\u2019heure de la journ\u00e9e, ou quand le syst\u00e8me d\u00e9tecte que vous avez quitt\u00e9 la maison.<\/p>\n<\/div><\/div><\/div><style type=\"text\/css\">.fusion-accordian  #accordion-12136-1 .panel-905bfcfe41b8159ae .panel-title a{}.fusion-accordian  #accordion-12136-1 .panel-905bfcfe41b8159ae .toggle-content{}<\/style><div class=\"fusion-panel panel-default panel-905bfcfe41b8159ae\"><div class=\"panel-heading\"><h4 class=\"panel-title toggle\"><a aria-expanded=\"false\" aria-controls=\"905bfcfe41b8159ae\" role=\"button\" data-toggle=\"collapse\" data-parent=\"#accordion-12136-1\" data-target=\"#905bfcfe41b8159ae\" href=\"#905bfcfe41b8159ae\"><span class=\"fusion-toggle-icon-wrapper\" aria-hidden=\"true\"><i class=\"fa-fusion-box active-icon awb-icon-minus\" aria-hidden=\"true\"><\/i><i class=\"fa-fusion-box inactive-icon awb-icon-plus\" aria-hidden=\"true\"><\/i><\/span><span class=\"fusion-toggle-heading\">Quelles autres mesures de protection proactives Foxsecur peut-il m\u2019installer?<\/span><\/a><\/h4><\/div><div id=\"905bfcfe41b8159ae\" class=\"panel-collapse collapse \"><div class=\"panel-body toggle-content fusion-clearfix\">\n<p>Pour les cas d\u2019urgence, nous avons une mesure d\u2019avance.<\/p>\n<p>Quand les d\u00e9tecteurs d\u00e9c\u00e8lent de la fum\u00e9e ou du monoxyde de carbone, nous pouvons fermer automatiquement le chauffage ou la climatisation pour emp\u00eacher la circulation des \u00e9manations dangereuses, et vous alerter en m\u00eame temps qu\u2019alerter les services d\u2019urgence.<\/p>\n<p>Comment nous proc\u00e9dons? Foxsecur permet facilement d\u2019\u00e9tablir des r\u00e8gles de fa\u00e7on \u00e0 ce que votre habitation r\u00e9agisse automatiquement \u00e0 un signal d\u2019urgence et vous prot\u00e8ge. Nous \u00e9tablissons une connexion sans fil entre votre panneau de s\u00e9curit\u00e9 et les principaux dispositifs de la maison, les d\u00e9tecteurs de fum\u00e9e et de CO et les syst\u00e8mes de chauffage et de climatisation.<\/p>\n<\/div><\/div><\/div><style type=\"text\/css\">.fusion-accordian  #accordion-12136-1 .panel-06595c2ce89650d63 .panel-title a{}.fusion-accordian  #accordion-12136-1 .panel-06595c2ce89650d63 .toggle-content{}<\/style><div class=\"fusion-panel panel-default panel-06595c2ce89650d63\"><div class=\"panel-heading\"><h4 class=\"panel-title toggle\"><a aria-expanded=\"false\" aria-controls=\"06595c2ce89650d63\" role=\"button\" data-toggle=\"collapse\" data-parent=\"#accordion-12136-1\" data-target=\"#06595c2ce89650d63\" href=\"#06595c2ce89650d63\"><span class=\"fusion-toggle-icon-wrapper\" aria-hidden=\"true\"><i class=\"fa-fusion-box active-icon awb-icon-minus\" aria-hidden=\"true\"><\/i><i class=\"fa-fusion-box inactive-icon awb-icon-plus\" aria-hidden=\"true\"><\/i><\/span><span class=\"fusion-toggle-heading\">Dois-je m\u2019occuper de tester mon syst\u00e8me d\u2019alarme r\u00e9guli\u00e8rement?<\/span><\/a><\/h4><\/div><div id=\"06595c2ce89650d63\" class=\"panel-collapse collapse \"><div class=\"panel-body toggle-content fusion-clearfix\">\n<p>Oui. Reportez-vous au manuel d\u2019utilisation pour v\u00e9rifier que tout fonctionne bien. Dans le cas contraire, faites venir le r\u00e9parateur. Pr\u00e9venez toujours la centrale de surveillance avant de proc\u00e9der \u00e0 un test.<\/p>\n<\/div><\/div><\/div><\/div><\/div><div class=\"fusion-clearfix\"><\/div><\/div><\/div><\/div><\/div>\n","protected":false},"excerpt":{"rendered":"<p>[fusion_builder_container hundred_percent=&#8221;no&#8221; hundred_percent_height=&#8221;no&#8221; hundred_percent_height_scroll=&#8221;no&#8221; hundred_percent_height_center_content=&#8221;yes&#8221; equal_height_columns=&#8221;no&#8221; menu_anchor=&#8221;&#8221; hide_on_mobile=&#8221;small-visibility,medium-visibility,larg&#8230;<\/p>\n","protected":false},"author":4,"featured_media":0,"parent":0,"menu_order":0,"comment_status":"closed","ping_status":"open","template":"","meta":{"_acf_changed":false,"footnotes":""},"class_list":["post-12136","page","type-page","status-publish","hentry"],"acf":[],"yoast_head":"<!-- This site is optimized with the Yoast SEO plugin v24.5 - https:\/\/yoast.com\/wordpress\/plugins\/seo\/ -->\n<title>QUESTIONS<\/title>\n<meta name=\"description\" content=\"[fusion_builder_container hundred_percent=&quot;no&quot; hundred_percent_height=&quot;no&quot; hundred_percent_height_scroll=&quot;no&quot; hundred_percent_height_center_content=&quot;yes&quot; equal_height_columns=&quot;no&quot; menu_anchor=&quot;&quot; hide_on_mobile=&quot;small-visibility,medium-visibility,larg...\" \/>\n<meta name=\"robots\" content=\"index, follow, max-snippet:-1, max-image-preview:large, max-video-preview:-1\" \/>\n<link rel=\"canonical\" href=\"https:\/\/foxsecur.ca\/fr_FR\/faq\/\" \/>\n<meta property=\"og:locale\" content=\"en_US\" \/>\n<meta property=\"og:type\" content=\"article\" \/>\n<meta property=\"og:title\" content=\"QUESTIONS\" \/>\n<meta property=\"og:description\" content=\"[fusion_builder_container hundred_percent=&quot;no&quot; hundred_percent_height=&quot;no&quot; hundred_percent_height_scroll=&quot;no&quot; hundred_percent_height_center_content=&quot;yes&quot; equal_height_columns=&quot;no&quot; menu_anchor=&quot;&quot; hide_on_mobile=&quot;small-visibility,medium-visibility,larg...\" \/>\n<meta property=\"og:url\" content=\"https:\/\/foxsecur.ca\/fr_FR\/faq\/\" \/>\n<meta property=\"og:site_name\" content=\"FoxSecur\" \/>\n<meta property=\"article:modified_time\" content=\"2020-07-09T07:23:27+00:00\" \/>\n<meta name=\"twitter:card\" content=\"summary_large_image\" \/>\n<meta name=\"twitter:label1\" content=\"Est. reading time\" \/>\n\t<meta name=\"twitter:data1\" content=\"5 minutes\" \/>\n<script type=\"application\/ld+json\" class=\"yoast-schema-graph\">{\"@context\":\"https:\/\/schema.org\",\"@graph\":[{\"@type\":\"WebPage\",\"@id\":\"https:\/\/foxsecur.ca\/fr_FR\/faq\/\",\"url\":\"https:\/\/foxsecur.ca\/fr_FR\/faq\/\",\"name\":\"QUESTIONS - FoxSecur\",\"isPartOf\":{\"@id\":\"https:\/\/foxsecur.ca\/fr_FR\/#website\"},\"datePublished\":\"2019-01-23T13:54:37+00:00\",\"dateModified\":\"2020-07-09T07:23:27+00:00\",\"breadcrumb\":{\"@id\":\"https:\/\/foxsecur.ca\/fr_FR\/faq\/#breadcrumb\"},\"inLanguage\":\"en-US\",\"potentialAction\":[{\"@type\":\"ReadAction\",\"target\":[\"https:\/\/foxsecur.ca\/fr_FR\/faq\/\"]}]},{\"@type\":\"BreadcrumbList\",\"@id\":\"https:\/\/foxsecur.ca\/fr_FR\/faq\/#breadcrumb\",\"itemListElement\":[{\"@type\":\"ListItem\",\"position\":1,\"name\":\"Home\",\"item\":\"https:\/\/foxsecur.ca\/\"},{\"@type\":\"ListItem\",\"position\":2,\"name\":\"QUESTIONS\"}]},{\"@type\":\"WebSite\",\"@id\":\"https:\/\/foxsecur.ca\/fr_FR\/#website\",\"url\":\"https:\/\/foxsecur.ca\/fr_FR\/\",\"name\":\"FoxSecur\",\"description\":\"Electronic Security Systems and Services\",\"publisher\":{\"@id\":\"https:\/\/foxsecur.ca\/fr_FR\/#organization\"},\"potentialAction\":[{\"@type\":\"SearchAction\",\"target\":{\"@type\":\"EntryPoint\",\"urlTemplate\":\"https:\/\/foxsecur.ca\/fr_FR\/?s={search_term_string}\"},\"query-input\":{\"@type\":\"PropertyValueSpecification\",\"valueRequired\":true,\"valueName\":\"search_term_string\"}}],\"inLanguage\":\"en-US\"},{\"@type\":\"Organization\",\"@id\":\"https:\/\/foxsecur.ca\/fr_FR\/#organization\",\"name\":\"Fox Secur\",\"url\":\"https:\/\/foxsecur.ca\/fr_FR\/\",\"logo\":{\"@type\":\"ImageObject\",\"inLanguage\":\"en-US\",\"@id\":\"https:\/\/foxsecur.ca\/fr_FR\/#\/schema\/logo\/image\/\",\"url\":\"https:\/\/foxsecur.ca\/wp-content\/uploads\/2020\/04\/New-Fox-Logo-white-1.jpg\",\"contentUrl\":\"https:\/\/foxsecur.ca\/wp-content\/uploads\/2020\/04\/New-Fox-Logo-white-1.jpg\",\"width\":194,\"height\":108,\"caption\":\"Fox Secur\"},\"image\":{\"@id\":\"https:\/\/foxsecur.ca\/fr_FR\/#\/schema\/logo\/image\/\"}}]}<\/script>\n<!-- \/ Yoast SEO plugin. -->","yoast_head_json":{"title":"QUESTIONS","description":"[fusion_builder_container hundred_percent=\"no\" hundred_percent_height=\"no\" hundred_percent_height_scroll=\"no\" hundred_percent_height_center_content=\"yes\" equal_height_columns=\"no\" menu_anchor=\"\" hide_on_mobile=\"small-visibility,medium-visibility,larg...","robots":{"index":"index","follow":"follow","max-snippet":"max-snippet:-1","max-image-preview":"max-image-preview:large","max-video-preview":"max-video-preview:-1"},"canonical":"https:\/\/foxsecur.ca\/fr_FR\/faq\/","og_locale":"en_US","og_type":"article","og_title":"QUESTIONS","og_description":"[fusion_builder_container hundred_percent=\"no\" hundred_percent_height=\"no\" hundred_percent_height_scroll=\"no\" hundred_percent_height_center_content=\"yes\" equal_height_columns=\"no\" menu_anchor=\"\" hide_on_mobile=\"small-visibility,medium-visibility,larg...","og_url":"https:\/\/foxsecur.ca\/fr_FR\/faq\/","og_site_name":"FoxSecur","article_modified_time":"2020-07-09T07:23:27+00:00","twitter_card":"summary_large_image","twitter_misc":{"Est. reading time":"5 minutes"},"schema":{"@context":"https:\/\/schema.org","@graph":[{"@type":"WebPage","@id":"https:\/\/foxsecur.ca\/fr_FR\/faq\/","url":"https:\/\/foxsecur.ca\/fr_FR\/faq\/","name":"QUESTIONS - FoxSecur","isPartOf":{"@id":"https:\/\/foxsecur.ca\/fr_FR\/#website"},"datePublished":"2019-01-23T13:54:37+00:00","dateModified":"2020-07-09T07:23:27+00:00","breadcrumb":{"@id":"https:\/\/foxsecur.ca\/fr_FR\/faq\/#breadcrumb"},"inLanguage":"en-US","potentialAction":[{"@type":"ReadAction","target":["https:\/\/foxsecur.ca\/fr_FR\/faq\/"]}]},{"@type":"BreadcrumbList","@id":"https:\/\/foxsecur.ca\/fr_FR\/faq\/#breadcrumb","itemListElement":[{"@type":"ListItem","position":1,"name":"Home","item":"https:\/\/foxsecur.ca\/"},{"@type":"ListItem","position":2,"name":"QUESTIONS"}]},{"@type":"WebSite","@id":"https:\/\/foxsecur.ca\/fr_FR\/#website","url":"https:\/\/foxsecur.ca\/fr_FR\/","name":"FoxSecur","description":"Electronic Security Systems and Services","publisher":{"@id":"https:\/\/foxsecur.ca\/fr_FR\/#organization"},"potentialAction":[{"@type":"SearchAction","target":{"@type":"EntryPoint","urlTemplate":"https:\/\/foxsecur.ca\/fr_FR\/?s={search_term_string}"},"query-input":{"@type":"PropertyValueSpecification","valueRequired":true,"valueName":"search_term_string"}}],"inLanguage":"en-US"},{"@type":"Organization","@id":"https:\/\/foxsecur.ca\/fr_FR\/#organization","name":"Fox Secur","url":"https:\/\/foxsecur.ca\/fr_FR\/","logo":{"@type":"ImageObject","inLanguage":"en-US","@id":"https:\/\/foxsecur.ca\/fr_FR\/#\/schema\/logo\/image\/","url":"https:\/\/foxsecur.ca\/wp-content\/uploads\/2020\/04\/New-Fox-Logo-white-1.jpg","contentUrl":"https:\/\/foxsecur.ca\/wp-content\/uploads\/2020\/04\/New-Fox-Logo-white-1.jpg","width":194,"height":108,"caption":"Fox Secur"},"image":{"@id":"https:\/\/foxsecur.ca\/fr_FR\/#\/schema\/logo\/image\/"}}]}},"_links":{"self":[{"href":"https:\/\/foxsecur.ca\/fr_FR\/wp-json\/wp\/v2\/pages\/12136","targetHints":{"allow":["GET"]}}],"collection":[{"href":"https:\/\/foxsecur.ca\/fr_FR\/wp-json\/wp\/v2\/pages"}],"about":[{"href":"https:\/\/foxsecur.ca\/fr_FR\/wp-json\/wp\/v2\/types\/page"}],"author":[{"embeddable":true,"href":"https:\/\/foxsecur.ca\/fr_FR\/wp-json\/wp\/v2\/users\/4"}],"replies":[{"embeddable":true,"href":"https:\/\/foxsecur.ca\/fr_FR\/wp-json\/wp\/v2\/comments?post=12136"}],"version-history":[{"count":13,"href":"https:\/\/foxsecur.ca\/fr_FR\/wp-json\/wp\/v2\/pages\/12136\/revisions"}],"predecessor-version":[{"id":13196,"href":"https:\/\/foxsecur.ca\/fr_FR\/wp-json\/wp\/v2\/pages\/12136\/revisions\/13196"}],"wp:attachment":[{"href":"https:\/\/foxsecur.ca\/fr_FR\/wp-json\/wp\/v2\/media?parent=12136"}],"curies":[{"name":"wp","href":"https:\/\/api.w.org\/{rel}","templated":true}]}}