{"id":12757,"date":"2019-03-28T04:46:57","date_gmt":"2019-03-28T04:46:57","guid":{"rendered":"https:\/\/foxsecur.ca\/?page_id=12757"},"modified":"2019-09-16T19:07:47","modified_gmt":"2019-09-16T19:07:47","slug":"customers","status":"publish","type":"page","link":"https:\/\/foxsecur.ca\/fr_FR\/about\/customers\/","title":{"rendered":"Pour nos clients"},"content":{"rendered":"<div class=\"fusion-fullwidth fullwidth-box fusion-builder-row-1 nonhundred-percent-fullwidth non-hundred-percent-height-scrolling\" style=\"background-color: rgba(255,255,255,0);background-position: center center;background-repeat: no-repeat;padding-top:0px;padding-right:0px;padding-bottom:0px;padding-left:0px;margin-bottom: 0px;margin-top: 0px;border-width: 0px 0px 0px 0px;border-color:#eae9e9;border-style:solid;\" ><div class=\"fusion-builder-row fusion-row\"><div class=\"fusion-layout-column fusion_builder_column fusion-builder-column-0 fusion_builder_column_1_1 1_1 fusion-one-full fusion-column-first fusion-column-last\" style=\"margin-top:0px;margin-bottom:0px;\"><div class=\"fusion-column-wrapper fusion-flex-column-wrapper-legacy\" style=\"background-position:left top;background-repeat:no-repeat;-webkit-background-size:cover;-moz-background-size:cover;-o-background-size:cover;background-size:cover;padding: 0px 0px 0px 0px;\"><div class=\"fusion-text fusion-text-1\"><h1>D\u00e9claration de mission<\/h1>\n<p><span style=\"color: #999999;\">Pour nos clients<\/span><\/p>\n<p>Nous priorisons la fid\u00e9lit\u00e9 du client et faisons en sorte de la m\u00e9riter. Se m\u00e9riter le choix du client est le v\u00e9ritable test de valeur dans un march\u00e9 concurrentiel et pour avoir cet honneur, nous nous \u00e9vertuerons toujours de donner enti\u00e8re satisfaction au client. Facteur essentiel de notre succ\u00e8s, nous sommes engag\u00e9s \u00e0 respecter les besoins de notre client\u00e8le en investissant dans des technologies de pointe. Nous rechercherons et d\u00e9velopperons les solutions les plus efficientes, compte tenu de leurs objectifs d\u2019affaires. Nous t\u00e2cherons non seulement de r\u00e9pondre \u00e0 leurs attentes, mais de les devancer avec des produits et des services d\u2019excellence.<\/p>\n<\/div><div class=\"fusion-clearfix\"><\/div><\/div><\/div><\/div><\/div>\n","protected":false},"excerpt":{"rendered":"<p>[fusion_builder_container hundred_percent=&#8221;no&#8221; equal_height_columns=&#8221;no&#8221; menu_anchor=&#8221;&#8221; hide_on_mobile=&#8221;small-visibility,medium-visibility,large-visibility&#8221; class=&#8221;&#8221; id=&#8221;&#8221; background_color=&#8221;&#8221; background_image=&#8221;&#8221; background_position=&#8221;center center&#8221; ba&#8230;<\/p>\n","protected":false},"author":4,"featured_media":12756,"parent":2776,"menu_order":0,"comment_status":"closed","ping_status":"closed","template":"","meta":{"_acf_changed":false,"footnotes":""},"class_list":["post-12757","page","type-page","status-publish","has-post-thumbnail","hentry"],"acf":[],"yoast_head":"<!-- This site is optimized with the Yoast SEO plugin v24.5 - https:\/\/yoast.com\/wordpress\/plugins\/seo\/ -->\n<title>Pour nos clients<\/title>\n<meta name=\"description\" content=\"[fusion_builder_container hundred_percent=&quot;no&quot; equal_height_columns=&quot;no&quot; menu_anchor=&quot;&quot; hide_on_mobile=&quot;small-visibility,medium-visibility,large-visibility&quot; class=&quot;&quot; id=&quot;&quot; background_color=&quot;&quot; background_image=&quot;&quot; background_position=&quot;center center&quot; ba...\" \/>\n<meta name=\"robots\" content=\"index, follow, max-snippet:-1, max-image-preview:large, max-video-preview:-1\" \/>\n<link rel=\"canonical\" href=\"https:\/\/foxsecur.ca\/about\/customers\/\" \/>\n<meta property=\"og:locale\" content=\"en_US\" \/>\n<meta property=\"og:type\" content=\"article\" \/>\n<meta property=\"og:title\" content=\"Pour nos clients\" \/>\n<meta property=\"og:description\" content=\"[fusion_builder_container hundred_percent=&quot;no&quot; equal_height_columns=&quot;no&quot; menu_anchor=&quot;&quot; hide_on_mobile=&quot;small-visibility,medium-visibility,large-visibility&quot; class=&quot;&quot; id=&quot;&quot; background_color=&quot;&quot; background_image=&quot;&quot; background_position=&quot;center center&quot; ba...\" \/>\n<meta property=\"og:url\" content=\"https:\/\/foxsecur.ca\/about\/customers\/\" \/>\n<meta property=\"og:site_name\" content=\"FoxSecur\" \/>\n<meta property=\"article:modified_time\" content=\"2019-09-16T19:07:47+00:00\" \/>\n<meta property=\"og:image\" content=\"https:\/\/foxsecur.ca\/wp-content\/uploads\/2019\/03\/mission.jpg\" \/>\n\t<meta property=\"og:image:width\" content=\"902\" \/>\n\t<meta property=\"og:image:height\" content=\"506\" \/>\n\t<meta property=\"og:image:type\" content=\"image\/jpeg\" \/>\n<meta name=\"twitter:card\" content=\"summary_large_image\" \/>\n<meta name=\"twitter:label1\" content=\"Est. reading time\" \/>\n\t<meta name=\"twitter:data1\" content=\"1 minute\" \/>\n<script type=\"application\/ld+json\" class=\"yoast-schema-graph\">{\"@context\":\"https:\/\/schema.org\",\"@graph\":[{\"@type\":\"WebPage\",\"@id\":\"https:\/\/foxsecur.ca\/about\/customers\/\",\"url\":\"https:\/\/foxsecur.ca\/about\/customers\/\",\"name\":\"To Our Customers - FoxSecur\",\"isPartOf\":{\"@id\":\"https:\/\/foxsecur.ca\/fr_FR\/#website\"},\"primaryImageOfPage\":{\"@id\":\"https:\/\/foxsecur.ca\/about\/customers\/#primaryimage\"},\"image\":{\"@id\":\"https:\/\/foxsecur.ca\/about\/customers\/#primaryimage\"},\"thumbnailUrl\":\"https:\/\/foxsecur.ca\/wp-content\/uploads\/2019\/03\/mission.jpg\",\"datePublished\":\"2019-03-28T04:46:57+00:00\",\"dateModified\":\"2019-09-16T19:07:47+00:00\",\"breadcrumb\":{\"@id\":\"https:\/\/foxsecur.ca\/about\/customers\/#breadcrumb\"},\"inLanguage\":\"en-US\",\"potentialAction\":[{\"@type\":\"ReadAction\",\"target\":[\"https:\/\/foxsecur.ca\/about\/customers\/\"]}]},{\"@type\":\"ImageObject\",\"inLanguage\":\"en-US\",\"@id\":\"https:\/\/foxsecur.ca\/about\/customers\/#primaryimage\",\"url\":\"https:\/\/foxsecur.ca\/wp-content\/uploads\/2019\/03\/mission.jpg\",\"contentUrl\":\"https:\/\/foxsecur.ca\/wp-content\/uploads\/2019\/03\/mission.jpg\",\"width\":902,\"height\":506},{\"@type\":\"BreadcrumbList\",\"@id\":\"https:\/\/foxsecur.ca\/about\/customers\/#breadcrumb\",\"itemListElement\":[{\"@type\":\"ListItem\",\"position\":1,\"name\":\"Home\",\"item\":\"https:\/\/foxsecur.ca\/\"},{\"@type\":\"ListItem\",\"position\":2,\"name\":\"ABOUT US\",\"item\":\"https:\/\/foxsecur.ca\/about\/\"},{\"@type\":\"ListItem\",\"position\":3,\"name\":\"Pour nos clients\"}]},{\"@type\":\"WebSite\",\"@id\":\"https:\/\/foxsecur.ca\/fr_FR\/#website\",\"url\":\"https:\/\/foxsecur.ca\/fr_FR\/\",\"name\":\"FoxSecur\",\"description\":\"Electronic Security Systems and Services\",\"publisher\":{\"@id\":\"https:\/\/foxsecur.ca\/fr_FR\/#organization\"},\"potentialAction\":[{\"@type\":\"SearchAction\",\"target\":{\"@type\":\"EntryPoint\",\"urlTemplate\":\"https:\/\/foxsecur.ca\/fr_FR\/?s={search_term_string}\"},\"query-input\":{\"@type\":\"PropertyValueSpecification\",\"valueRequired\":true,\"valueName\":\"search_term_string\"}}],\"inLanguage\":\"en-US\"},{\"@type\":\"Organization\",\"@id\":\"https:\/\/foxsecur.ca\/fr_FR\/#organization\",\"name\":\"Fox Secur\",\"url\":\"https:\/\/foxsecur.ca\/fr_FR\/\",\"logo\":{\"@type\":\"ImageObject\",\"inLanguage\":\"en-US\",\"@id\":\"https:\/\/foxsecur.ca\/fr_FR\/#\/schema\/logo\/image\/\",\"url\":\"https:\/\/foxsecur.ca\/wp-content\/uploads\/2020\/04\/New-Fox-Logo-white-1.jpg\",\"contentUrl\":\"https:\/\/foxsecur.ca\/wp-content\/uploads\/2020\/04\/New-Fox-Logo-white-1.jpg\",\"width\":194,\"height\":108,\"caption\":\"Fox Secur\"},\"image\":{\"@id\":\"https:\/\/foxsecur.ca\/fr_FR\/#\/schema\/logo\/image\/\"}}]}<\/script>\n<!-- \/ Yoast SEO plugin. -->","yoast_head_json":{"title":"Pour nos clients","description":"[fusion_builder_container hundred_percent=\"no\" equal_height_columns=\"no\" menu_anchor=\"\" hide_on_mobile=\"small-visibility,medium-visibility,large-visibility\" class=\"\" id=\"\" background_color=\"\" background_image=\"\" background_position=\"center center\" ba...","robots":{"index":"index","follow":"follow","max-snippet":"max-snippet:-1","max-image-preview":"max-image-preview:large","max-video-preview":"max-video-preview:-1"},"canonical":"https:\/\/foxsecur.ca\/about\/customers\/","og_locale":"en_US","og_type":"article","og_title":"Pour nos clients","og_description":"[fusion_builder_container hundred_percent=\"no\" equal_height_columns=\"no\" menu_anchor=\"\" hide_on_mobile=\"small-visibility,medium-visibility,large-visibility\" class=\"\" id=\"\" background_color=\"\" background_image=\"\" background_position=\"center center\" ba...","og_url":"https:\/\/foxsecur.ca\/about\/customers\/","og_site_name":"FoxSecur","article_modified_time":"2019-09-16T19:07:47+00:00","og_image":[{"width":902,"height":506,"url":"https:\/\/foxsecur.ca\/wp-content\/uploads\/2019\/03\/mission.jpg","type":"image\/jpeg"}],"twitter_card":"summary_large_image","twitter_misc":{"Est. reading time":"1 minute"},"schema":{"@context":"https:\/\/schema.org","@graph":[{"@type":"WebPage","@id":"https:\/\/foxsecur.ca\/about\/customers\/","url":"https:\/\/foxsecur.ca\/about\/customers\/","name":"To Our Customers - FoxSecur","isPartOf":{"@id":"https:\/\/foxsecur.ca\/fr_FR\/#website"},"primaryImageOfPage":{"@id":"https:\/\/foxsecur.ca\/about\/customers\/#primaryimage"},"image":{"@id":"https:\/\/foxsecur.ca\/about\/customers\/#primaryimage"},"thumbnailUrl":"https:\/\/foxsecur.ca\/wp-content\/uploads\/2019\/03\/mission.jpg","datePublished":"2019-03-28T04:46:57+00:00","dateModified":"2019-09-16T19:07:47+00:00","breadcrumb":{"@id":"https:\/\/foxsecur.ca\/about\/customers\/#breadcrumb"},"inLanguage":"en-US","potentialAction":[{"@type":"ReadAction","target":["https:\/\/foxsecur.ca\/about\/customers\/"]}]},{"@type":"ImageObject","inLanguage":"en-US","@id":"https:\/\/foxsecur.ca\/about\/customers\/#primaryimage","url":"https:\/\/foxsecur.ca\/wp-content\/uploads\/2019\/03\/mission.jpg","contentUrl":"https:\/\/foxsecur.ca\/wp-content\/uploads\/2019\/03\/mission.jpg","width":902,"height":506},{"@type":"BreadcrumbList","@id":"https:\/\/foxsecur.ca\/about\/customers\/#breadcrumb","itemListElement":[{"@type":"ListItem","position":1,"name":"Home","item":"https:\/\/foxsecur.ca\/"},{"@type":"ListItem","position":2,"name":"ABOUT US","item":"https:\/\/foxsecur.ca\/about\/"},{"@type":"ListItem","position":3,"name":"Pour nos clients"}]},{"@type":"WebSite","@id":"https:\/\/foxsecur.ca\/fr_FR\/#website","url":"https:\/\/foxsecur.ca\/fr_FR\/","name":"FoxSecur","description":"Electronic Security Systems and Services","publisher":{"@id":"https:\/\/foxsecur.ca\/fr_FR\/#organization"},"potentialAction":[{"@type":"SearchAction","target":{"@type":"EntryPoint","urlTemplate":"https:\/\/foxsecur.ca\/fr_FR\/?s={search_term_string}"},"query-input":{"@type":"PropertyValueSpecification","valueRequired":true,"valueName":"search_term_string"}}],"inLanguage":"en-US"},{"@type":"Organization","@id":"https:\/\/foxsecur.ca\/fr_FR\/#organization","name":"Fox Secur","url":"https:\/\/foxsecur.ca\/fr_FR\/","logo":{"@type":"ImageObject","inLanguage":"en-US","@id":"https:\/\/foxsecur.ca\/fr_FR\/#\/schema\/logo\/image\/","url":"https:\/\/foxsecur.ca\/wp-content\/uploads\/2020\/04\/New-Fox-Logo-white-1.jpg","contentUrl":"https:\/\/foxsecur.ca\/wp-content\/uploads\/2020\/04\/New-Fox-Logo-white-1.jpg","width":194,"height":108,"caption":"Fox Secur"},"image":{"@id":"https:\/\/foxsecur.ca\/fr_FR\/#\/schema\/logo\/image\/"}}]}},"_links":{"self":[{"href":"https:\/\/foxsecur.ca\/fr_FR\/wp-json\/wp\/v2\/pages\/12757","targetHints":{"allow":["GET"]}}],"collection":[{"href":"https:\/\/foxsecur.ca\/fr_FR\/wp-json\/wp\/v2\/pages"}],"about":[{"href":"https:\/\/foxsecur.ca\/fr_FR\/wp-json\/wp\/v2\/types\/page"}],"author":[{"embeddable":true,"href":"https:\/\/foxsecur.ca\/fr_FR\/wp-json\/wp\/v2\/users\/4"}],"replies":[{"embeddable":true,"href":"https:\/\/foxsecur.ca\/fr_FR\/wp-json\/wp\/v2\/comments?post=12757"}],"version-history":[{"count":6,"href":"https:\/\/foxsecur.ca\/fr_FR\/wp-json\/wp\/v2\/pages\/12757\/revisions"}],"predecessor-version":[{"id":13002,"href":"https:\/\/foxsecur.ca\/fr_FR\/wp-json\/wp\/v2\/pages\/12757\/revisions\/13002"}],"up":[{"embeddable":true,"href":"https:\/\/foxsecur.ca\/fr_FR\/wp-json\/wp\/v2\/pages\/2776"}],"wp:featuredmedia":[{"embeddable":true,"href":"https:\/\/foxsecur.ca\/fr_FR\/wp-json\/wp\/v2\/media\/12756"}],"wp:attachment":[{"href":"https:\/\/foxsecur.ca\/fr_FR\/wp-json\/wp\/v2\/media?parent=12757"}],"curies":[{"name":"wp","href":"https:\/\/api.w.org\/{rel}","templated":true}]}}