{"id":12805,"date":"2019-04-04T21:15:52","date_gmt":"2019-04-04T21:15:52","guid":{"rendered":"https:\/\/foxsecur.ca\/?page_id=12805"},"modified":"2022-04-08T10:14:59","modified_gmt":"2022-04-08T10:14:59","slug":"access-business","status":"publish","type":"page","link":"https:\/\/foxsecur.ca\/fr_FR\/services-3\/access-business\/","title":{"rendered":"Acc\u00e8s commercial"},"content":{"rendered":"<h1>Acc\u00e8s commercial<\/h1>\n<p>Les entreprises dans le monde entier recherchent constamment des solutions de s\u00e9curit\u00e9 leur fournissant des moyens simples, efficaces et efficients de contr\u00f4ler l\u2019acc\u00e8s des employ\u00e9s et des visiteurs sur leurs lieux d\u2019affaires. Foxsecur et ses associ\u00e9s sont en t\u00eate de file en mati\u00e8re de solutions d\u2019acc\u00e8s et de d\u00e9tection d\u2019intrusion capables de g\u00e9rer le flot des employ\u00e9s et des visiteurs en accordant les autorisations appropri\u00e9es \u00e0 chacun d\u2019entre eux. La solution carte d\u2019acc\u00e8s est efficace, rentable et par-dessus tout, vous livre la tranquillit\u00e9 d\u2019esprit.<\/p>\n<ul>\n<li>Plus besoin de multiplier les cl\u00e9s d\u2019entr\u00e9e ou de vous inqui\u00e9ter des cl\u00e9s perdues<\/li>\n<li>Sachez en tout temps qui p\u00e9n\u00e8tre et qui quitte les lieux<\/li>\n<li>Assurez vos employ\u00e9s, vos visiteurs et vos clients d\u2019un milieu de travail s\u00e9curitaire<\/li>\n<li>Contr\u00f4lez l\u2019acc\u00e8s \u00e0 vos installations compl\u00e8tes ou \u00e0 des zones ou salles d\u00e9limit\u00e9es<\/li>\n<li>Le contr\u00f4le d\u2019acc\u00e8s dissuade les vols et conf\u00e8re un sentiment de s\u00e9curit\u00e9<\/li>\n<\/ul>\n<p><strong>Int\u00e9gration intelligente <\/strong>: Diverses fonctions peuvent, selon vos pr\u00e9f\u00e9rences, \u00e9mettre un signal au panneau de s\u00e9curit\u00e9 pour d\u00e9sarmer le syst\u00e8me quand on ouvre une porte, d\u00e9clencher simultan\u00e9ment un enregistrement vid\u00e9o, une alerte ou d\u2019autres actions automatis\u00e9es, et produire un rapport d\u2019\u00e9v\u00e9nements simple \u00e0 v\u00e9rifier et contrev\u00e9rifier.<\/p>\n<p><strong>Aucune expertise technique requise\u00a0<\/strong>: Notre interface permet au propri\u00e9taire d\u2019une PME de g\u00e9rer facilement l\u2019acc\u00e8s de ses employ\u00e9s. Pour fournir l\u2019acc\u00e8s \u00e0 un nouvel employ\u00e9, il suffit de taper son nom, lui assigner un code d\u2019utilisateur et lui imprimer une carte.<\/p>\n<p><strong>Polyvalent et modulable\u00a0<\/strong>: Que les exigences de s\u00e9curit\u00e9 soient relativement simples, comme pour un d\u00e9taillant, ou tr\u00e8s pointues dans les lieux de travail o\u00f9 il faut tenir compte des horaires et r\u00e8gles diverses, la solution carte d\u2019acc\u00e8s intelligente s\u2019adapte \u00e0 tous les besoins.<\/p>\n<p><strong>Moins de quincaillerie\u00a0<\/strong>: Notre infrastructure infonuagique \u00e9limine la n\u00e9cessit\u00e9 d\u2019installer un r\u00e9seau compliqu\u00e9 et on\u00e9reux, et facilite \u00e9norm\u00e9ment la formation des administrateurs.<br \/>\n<!--\n\n\n<div class=\"single-navigation clearfix row\">\n\n\n<div class=\"col-md-6 prd\">\n    <a href=\"https:\/\/foxsecur.ca\/fr_FR\/services-3\/access-home\/\" rel=\"prev\">Previous<\/a>\n\n\n<p class=\"pr\">Que vous soyez \u00e0 la recherche d\u2019un syst\u00e8me commercial...<\/p>\n\n\n\n<\/div>\n\n\n\n\n<div class=\"col-md-6 ned\">\n       <a href=\"https:\/\/foxsecur.ca\/fr_FR\/services-3\/alarm\/\" rel=\"next\">Next<\/a>\n\n\n<p class=\"ne\">Un cambriolage r\u00e9sidentiel a lieu toutes les 90 ...<\/p>\n\n\n\n<\/div>\n\n\n<\/div>\n\n\n--><\/p>\n","protected":false},"excerpt":{"rendered":"<h1>Acc\u00e8s commercial<\/h1>\n<p>Les entreprises dans le monde entier recherchent constamment des solutions de s\u00e9curit\u00e9 leur fournissant des moyens simples, efficaces et efficients de contr\u00f4ler l\u2019acc\u00e8s des employ\u00e9s et des visiteurs sur leurs lieux d\u2019affair&#8230;<\/p>\n","protected":false},"author":4,"featured_media":12708,"parent":13046,"menu_order":2,"comment_status":"closed","ping_status":"closed","template":"","meta":{"_acf_changed":false,"footnotes":""},"class_list":["post-12805","page","type-page","status-publish","has-post-thumbnail","hentry"],"acf":[],"yoast_head":"<!-- This site is optimized with the Yoast SEO plugin v24.5 - https:\/\/yoast.com\/wordpress\/plugins\/seo\/ -->\n<title>Acc\u00e8s commercial<\/title>\n<meta name=\"description\" content=\"Acc\u00e8s commercial\r\nLes entreprises dans le monde entier recherchent constamment des solutions de s\u00e9curit\u00e9 leur fournissant des moyens simples, efficaces et efficients de contr\u00f4ler l\u2019acc\u00e8s des employ\u00e9s et des visiteurs sur leurs lieux d\u2019affair...\" \/>\n<meta name=\"robots\" content=\"index, follow, max-snippet:-1, max-image-preview:large, max-video-preview:-1\" \/>\n<link rel=\"canonical\" href=\"https:\/\/foxsecur.ca\/fr_FR\/services-3\/access-business\/\" \/>\n<meta property=\"og:locale\" content=\"en_US\" \/>\n<meta property=\"og:type\" content=\"article\" \/>\n<meta property=\"og:title\" content=\"Acc\u00e8s commercial\" \/>\n<meta property=\"og:description\" content=\"Acc\u00e8s commercial\r\nLes entreprises dans le monde entier recherchent constamment des solutions de s\u00e9curit\u00e9 leur fournissant des moyens simples, efficaces et efficients de contr\u00f4ler l\u2019acc\u00e8s des employ\u00e9s et des visiteurs sur leurs lieux d\u2019affair...\" \/>\n<meta property=\"og:url\" content=\"https:\/\/foxsecur.ca\/fr_FR\/services-3\/access-business\/\" \/>\n<meta property=\"og:site_name\" content=\"FoxSecur\" \/>\n<meta property=\"article:modified_time\" content=\"2022-04-08T10:14:59+00:00\" \/>\n<meta property=\"og:image\" content=\"https:\/\/foxsecur.ca\/wp-content\/uploads\/2019\/03\/CardAccessL.jpg\" \/>\n\t<meta property=\"og:image:width\" content=\"902\" \/>\n\t<meta property=\"og:image:height\" content=\"506\" \/>\n\t<meta property=\"og:image:type\" content=\"image\/jpeg\" \/>\n<meta name=\"twitter:card\" content=\"summary_large_image\" \/>\n<meta name=\"twitter:label1\" content=\"Est. reading time\" \/>\n\t<meta name=\"twitter:data1\" content=\"2 minutes\" \/>\n<script type=\"application\/ld+json\" class=\"yoast-schema-graph\">{\"@context\":\"https:\/\/schema.org\",\"@graph\":[{\"@type\":\"WebPage\",\"@id\":\"https:\/\/foxsecur.ca\/fr_FR\/services-3\/access-business\/\",\"url\":\"https:\/\/foxsecur.ca\/fr_FR\/services-3\/access-business\/\",\"name\":\"Acc\u00e8s commercial - FoxSecur\",\"isPartOf\":{\"@id\":\"https:\/\/foxsecur.ca\/fr_FR\/#website\"},\"primaryImageOfPage\":{\"@id\":\"https:\/\/foxsecur.ca\/fr_FR\/services-3\/access-business\/#primaryimage\"},\"image\":{\"@id\":\"https:\/\/foxsecur.ca\/fr_FR\/services-3\/access-business\/#primaryimage\"},\"thumbnailUrl\":\"https:\/\/foxsecur.ca\/wp-content\/uploads\/2019\/03\/CardAccessL.jpg\",\"datePublished\":\"2019-04-04T21:15:52+00:00\",\"dateModified\":\"2022-04-08T10:14:59+00:00\",\"breadcrumb\":{\"@id\":\"https:\/\/foxsecur.ca\/fr_FR\/services-3\/access-business\/#breadcrumb\"},\"inLanguage\":\"en-US\",\"potentialAction\":[{\"@type\":\"ReadAction\",\"target\":[\"https:\/\/foxsecur.ca\/fr_FR\/services-3\/access-business\/\"]}]},{\"@type\":\"ImageObject\",\"inLanguage\":\"en-US\",\"@id\":\"https:\/\/foxsecur.ca\/fr_FR\/services-3\/access-business\/#primaryimage\",\"url\":\"https:\/\/foxsecur.ca\/wp-content\/uploads\/2019\/03\/CardAccessL.jpg\",\"contentUrl\":\"https:\/\/foxsecur.ca\/wp-content\/uploads\/2019\/03\/CardAccessL.jpg\",\"width\":902,\"height\":506},{\"@type\":\"BreadcrumbList\",\"@id\":\"https:\/\/foxsecur.ca\/fr_FR\/services-3\/access-business\/#breadcrumb\",\"itemListElement\":[{\"@type\":\"ListItem\",\"position\":1,\"name\":\"Home\",\"item\":\"https:\/\/foxsecur.ca\/\"},{\"@type\":\"ListItem\",\"position\":2,\"name\":\"SERVICES\",\"item\":\"https:\/\/foxsecur.ca\/fr_FR\/services-3\/\"},{\"@type\":\"ListItem\",\"position\":3,\"name\":\"Acc\u00e8s commercial\"}]},{\"@type\":\"WebSite\",\"@id\":\"https:\/\/foxsecur.ca\/fr_FR\/#website\",\"url\":\"https:\/\/foxsecur.ca\/fr_FR\/\",\"name\":\"FoxSecur\",\"description\":\"Electronic Security Systems and Services\",\"publisher\":{\"@id\":\"https:\/\/foxsecur.ca\/fr_FR\/#organization\"},\"potentialAction\":[{\"@type\":\"SearchAction\",\"target\":{\"@type\":\"EntryPoint\",\"urlTemplate\":\"https:\/\/foxsecur.ca\/fr_FR\/?s={search_term_string}\"},\"query-input\":{\"@type\":\"PropertyValueSpecification\",\"valueRequired\":true,\"valueName\":\"search_term_string\"}}],\"inLanguage\":\"en-US\"},{\"@type\":\"Organization\",\"@id\":\"https:\/\/foxsecur.ca\/fr_FR\/#organization\",\"name\":\"Fox Secur\",\"url\":\"https:\/\/foxsecur.ca\/fr_FR\/\",\"logo\":{\"@type\":\"ImageObject\",\"inLanguage\":\"en-US\",\"@id\":\"https:\/\/foxsecur.ca\/fr_FR\/#\/schema\/logo\/image\/\",\"url\":\"https:\/\/foxsecur.ca\/wp-content\/uploads\/2020\/04\/New-Fox-Logo-white-1.jpg\",\"contentUrl\":\"https:\/\/foxsecur.ca\/wp-content\/uploads\/2020\/04\/New-Fox-Logo-white-1.jpg\",\"width\":194,\"height\":108,\"caption\":\"Fox Secur\"},\"image\":{\"@id\":\"https:\/\/foxsecur.ca\/fr_FR\/#\/schema\/logo\/image\/\"}}]}<\/script>\n<!-- \/ Yoast SEO plugin. -->","yoast_head_json":{"title":"Acc\u00e8s commercial","description":"Acc\u00e8s commercial\r\nLes entreprises dans le monde entier recherchent constamment des solutions de s\u00e9curit\u00e9 leur fournissant des moyens simples, efficaces et efficients de contr\u00f4ler l\u2019acc\u00e8s des employ\u00e9s et des visiteurs sur leurs lieux d\u2019affair...","robots":{"index":"index","follow":"follow","max-snippet":"max-snippet:-1","max-image-preview":"max-image-preview:large","max-video-preview":"max-video-preview:-1"},"canonical":"https:\/\/foxsecur.ca\/fr_FR\/services-3\/access-business\/","og_locale":"en_US","og_type":"article","og_title":"Acc\u00e8s commercial","og_description":"Acc\u00e8s commercial\r\nLes entreprises dans le monde entier recherchent constamment des solutions de s\u00e9curit\u00e9 leur fournissant des moyens simples, efficaces et efficients de contr\u00f4ler l\u2019acc\u00e8s des employ\u00e9s et des visiteurs sur leurs lieux d\u2019affair...","og_url":"https:\/\/foxsecur.ca\/fr_FR\/services-3\/access-business\/","og_site_name":"FoxSecur","article_modified_time":"2022-04-08T10:14:59+00:00","og_image":[{"width":902,"height":506,"url":"https:\/\/foxsecur.ca\/wp-content\/uploads\/2019\/03\/CardAccessL.jpg","type":"image\/jpeg"}],"twitter_card":"summary_large_image","twitter_misc":{"Est. reading time":"2 minutes"},"schema":{"@context":"https:\/\/schema.org","@graph":[{"@type":"WebPage","@id":"https:\/\/foxsecur.ca\/fr_FR\/services-3\/access-business\/","url":"https:\/\/foxsecur.ca\/fr_FR\/services-3\/access-business\/","name":"Acc\u00e8s commercial - FoxSecur","isPartOf":{"@id":"https:\/\/foxsecur.ca\/fr_FR\/#website"},"primaryImageOfPage":{"@id":"https:\/\/foxsecur.ca\/fr_FR\/services-3\/access-business\/#primaryimage"},"image":{"@id":"https:\/\/foxsecur.ca\/fr_FR\/services-3\/access-business\/#primaryimage"},"thumbnailUrl":"https:\/\/foxsecur.ca\/wp-content\/uploads\/2019\/03\/CardAccessL.jpg","datePublished":"2019-04-04T21:15:52+00:00","dateModified":"2022-04-08T10:14:59+00:00","breadcrumb":{"@id":"https:\/\/foxsecur.ca\/fr_FR\/services-3\/access-business\/#breadcrumb"},"inLanguage":"en-US","potentialAction":[{"@type":"ReadAction","target":["https:\/\/foxsecur.ca\/fr_FR\/services-3\/access-business\/"]}]},{"@type":"ImageObject","inLanguage":"en-US","@id":"https:\/\/foxsecur.ca\/fr_FR\/services-3\/access-business\/#primaryimage","url":"https:\/\/foxsecur.ca\/wp-content\/uploads\/2019\/03\/CardAccessL.jpg","contentUrl":"https:\/\/foxsecur.ca\/wp-content\/uploads\/2019\/03\/CardAccessL.jpg","width":902,"height":506},{"@type":"BreadcrumbList","@id":"https:\/\/foxsecur.ca\/fr_FR\/services-3\/access-business\/#breadcrumb","itemListElement":[{"@type":"ListItem","position":1,"name":"Home","item":"https:\/\/foxsecur.ca\/"},{"@type":"ListItem","position":2,"name":"SERVICES","item":"https:\/\/foxsecur.ca\/fr_FR\/services-3\/"},{"@type":"ListItem","position":3,"name":"Acc\u00e8s commercial"}]},{"@type":"WebSite","@id":"https:\/\/foxsecur.ca\/fr_FR\/#website","url":"https:\/\/foxsecur.ca\/fr_FR\/","name":"FoxSecur","description":"Electronic Security Systems and Services","publisher":{"@id":"https:\/\/foxsecur.ca\/fr_FR\/#organization"},"potentialAction":[{"@type":"SearchAction","target":{"@type":"EntryPoint","urlTemplate":"https:\/\/foxsecur.ca\/fr_FR\/?s={search_term_string}"},"query-input":{"@type":"PropertyValueSpecification","valueRequired":true,"valueName":"search_term_string"}}],"inLanguage":"en-US"},{"@type":"Organization","@id":"https:\/\/foxsecur.ca\/fr_FR\/#organization","name":"Fox Secur","url":"https:\/\/foxsecur.ca\/fr_FR\/","logo":{"@type":"ImageObject","inLanguage":"en-US","@id":"https:\/\/foxsecur.ca\/fr_FR\/#\/schema\/logo\/image\/","url":"https:\/\/foxsecur.ca\/wp-content\/uploads\/2020\/04\/New-Fox-Logo-white-1.jpg","contentUrl":"https:\/\/foxsecur.ca\/wp-content\/uploads\/2020\/04\/New-Fox-Logo-white-1.jpg","width":194,"height":108,"caption":"Fox Secur"},"image":{"@id":"https:\/\/foxsecur.ca\/fr_FR\/#\/schema\/logo\/image\/"}}]}},"_links":{"self":[{"href":"https:\/\/foxsecur.ca\/fr_FR\/wp-json\/wp\/v2\/pages\/12805","targetHints":{"allow":["GET"]}}],"collection":[{"href":"https:\/\/foxsecur.ca\/fr_FR\/wp-json\/wp\/v2\/pages"}],"about":[{"href":"https:\/\/foxsecur.ca\/fr_FR\/wp-json\/wp\/v2\/types\/page"}],"author":[{"embeddable":true,"href":"https:\/\/foxsecur.ca\/fr_FR\/wp-json\/wp\/v2\/users\/4"}],"replies":[{"embeddable":true,"href":"https:\/\/foxsecur.ca\/fr_FR\/wp-json\/wp\/v2\/comments?post=12805"}],"version-history":[{"count":6,"href":"https:\/\/foxsecur.ca\/fr_FR\/wp-json\/wp\/v2\/pages\/12805\/revisions"}],"predecessor-version":[{"id":13085,"href":"https:\/\/foxsecur.ca\/fr_FR\/wp-json\/wp\/v2\/pages\/12805\/revisions\/13085"}],"up":[{"embeddable":true,"href":"https:\/\/foxsecur.ca\/fr_FR\/wp-json\/wp\/v2\/pages\/13046"}],"wp:featuredmedia":[{"embeddable":true,"href":"https:\/\/foxsecur.ca\/fr_FR\/wp-json\/wp\/v2\/media\/12708"}],"wp:attachment":[{"href":"https:\/\/foxsecur.ca\/fr_FR\/wp-json\/wp\/v2\/media?parent=12805"}],"curies":[{"name":"wp","href":"https:\/\/api.w.org\/{rel}","templated":true}]}}