{"id":12810,"date":"2019-04-04T21:20:38","date_gmt":"2019-04-04T21:20:38","guid":{"rendered":"https:\/\/foxsecur.ca\/?page_id=12810"},"modified":"2020-12-24T05:05:06","modified_gmt":"2020-12-24T05:05:06","slug":"cloud","status":"publish","type":"page","link":"https:\/\/foxsecur.ca\/fr_FR\/services-3\/cloud\/","title":{"rendered":"Le nuage"},"content":{"rendered":"<h1>Le nuage<\/h1>\n<p>On estime qu\u2019aux \u00c9.-U. seulement, 140\u00a0000 disques durs tombent en panne chaque semaine, et seules 29\u00a0% de ces pannes sont accidentelles. Aucune entreprise ne peut se permettre ce genre d\u2019ennuis. Plus que jamais, les entreprises sont assi\u00e9g\u00e9es\u00a0: attaque virale, logiciel malveillant, logiciel ran\u00e7onneur, bris d\u2019\u00e9quipement, erreur humaine, incendie sont quelques-unes des vuln\u00e9rabilit\u00e9s auxquelles elles s\u2019exposent chaque jour. Les PME en particulier savent ce qu\u2019il en co\u00fbte de perdre des donn\u00e9es et pourtant plus de la moiti\u00e9 d\u2019entre elles (58\u00a0pour cent) n\u2019ont rien pr\u00e9vu pour cette \u00e9ventualit\u00e9 et ne disposent d\u2019aucune strat\u00e9gie de r\u00e9cup\u00e9ration. Le r\u00e9sultat, c\u2019est que 60\u00a0% d\u2019entre elles fermeront leurs portes dans les six mois qui suivent pareille catastrophe. Tout dirigeant d\u2019entreprise avis\u00e9 doit disposer de solides strat\u00e9gies de r\u00e9cup\u00e9ration des donn\u00e9es. Ces strat\u00e9gies peuvent commencer avec nous. Le service de sauvegarde \u00e0 distance Foxdata offre une solution abordable et multifonctionnelle dans le nuage, accessible 24\u00a0heures par jour, 7 jours par semaine. Nous gardons votre entreprise en vie m\u00eame lorsque votre syst\u00e8me est mort.<\/p>\n<ul>\n<li>Vos donn\u00e9es sont automatiquement encod\u00e9es et transf\u00e9r\u00e9es sur un site s\u00e9curitaire<\/li>\n<li>Foxdata fournit un historique de 30 jours pour chaque dossier et des confirmations quotidiennes pour les courriels<\/li>\n<li>Le service est install\u00e9 par nos techniciens<\/li>\n<li>Sauvegardes automatis\u00e9es, programm\u00e9es ou instantan\u00e9es<\/li>\n<li>R\u00e9duction du temps de sauvegarde, car seuls les blocs de donn\u00e9es modifi\u00e9s sont mis \u00e0 jour<\/li>\n<\/ul>\n<p><!-- \n\n<div class=\"single-navigation clearfix row\">\n   \n\n<div class=\"col-md-6 prd\">\n    <a href=\"https:\/\/foxsecur.ca\/fr_FR\/services-3\/alarm\/\" rel=\"prev\">Previous<\/a>\n      \n\n<p class=\"pr\">Un cambriolage r\u00e9sidentiel a lieu toutes les 90 secondes...<\/p>\n\n\n   <\/div>\n\n\n   \n\n<div class=\"col-md-6 ned\">\n       <a href=\"https:\/\/foxsecur.ca\/fr_FR\/services-3\/energy-management\/\" rel=\"next\">Next<\/a>\n         \n\n<p class=\"ne\">Selon les tests rigoureux et ind\u00e9pendants de l\u2019 ...<\/p>\n\n \n   <\/div>\n\n\n<\/div>\n\n --><\/p>\n","protected":false},"excerpt":{"rendered":"<h1>Le nuage<\/h1>\n<p>On estime qu\u2019aux \u00c9.-U. seulement, 140\u00a0000 disques durs tombent en panne chaque semaine, et seules 29\u00a0% de ces pannes sont accidentelles. Aucune entreprise ne peut se permettre ce genre d\u2019ennuis. Plus que jamais, les entreprises sont&#8230;<\/p>\n","protected":false},"author":4,"featured_media":12710,"parent":13046,"menu_order":4,"comment_status":"closed","ping_status":"closed","template":"","meta":{"_acf_changed":false,"footnotes":""},"class_list":["post-12810","page","type-page","status-publish","has-post-thumbnail","hentry"],"acf":[],"yoast_head":"<!-- This site is optimized with the Yoast SEO plugin v24.5 - https:\/\/yoast.com\/wordpress\/plugins\/seo\/ -->\n<title>Le nuage<\/title>\n<meta name=\"description\" content=\"Le nuage\nOn estime qu\u2019aux \u00c9.-U. seulement, 140\u00a0000 disques durs tombent en panne chaque semaine, et seules 29\u00a0% de ces pannes sont accidentelles. Aucune entreprise ne peut se permettre ce genre d\u2019ennuis. Plus que jamais, les entreprises sont...\" \/>\n<meta name=\"robots\" content=\"index, follow, max-snippet:-1, max-image-preview:large, max-video-preview:-1\" \/>\n<link rel=\"canonical\" href=\"https:\/\/foxsecur.ca\/fr_FR\/services-3\/cloud\/\" \/>\n<meta property=\"og:locale\" content=\"en_US\" \/>\n<meta property=\"og:type\" content=\"article\" \/>\n<meta property=\"og:title\" content=\"Le nuage\" \/>\n<meta property=\"og:description\" content=\"Le nuage\nOn estime qu\u2019aux \u00c9.-U. seulement, 140\u00a0000 disques durs tombent en panne chaque semaine, et seules 29\u00a0% de ces pannes sont accidentelles. Aucune entreprise ne peut se permettre ce genre d\u2019ennuis. Plus que jamais, les entreprises sont...\" \/>\n<meta property=\"og:url\" content=\"https:\/\/foxsecur.ca\/fr_FR\/services-3\/cloud\/\" \/>\n<meta property=\"og:site_name\" content=\"FoxSecur\" \/>\n<meta property=\"article:modified_time\" content=\"2020-12-24T05:05:06+00:00\" \/>\n<meta property=\"og:image\" content=\"https:\/\/foxsecur.ca\/wp-content\/uploads\/2019\/03\/CloudBackUp2L.jpg\" \/>\n\t<meta property=\"og:image:width\" content=\"902\" \/>\n\t<meta property=\"og:image:height\" content=\"506\" \/>\n\t<meta property=\"og:image:type\" content=\"image\/jpeg\" \/>\n<meta name=\"twitter:card\" content=\"summary_large_image\" \/>\n<meta name=\"twitter:label1\" content=\"Est. reading time\" \/>\n\t<meta name=\"twitter:data1\" content=\"1 minute\" \/>\n<script type=\"application\/ld+json\" class=\"yoast-schema-graph\">{\"@context\":\"https:\/\/schema.org\",\"@graph\":[{\"@type\":\"WebPage\",\"@id\":\"https:\/\/foxsecur.ca\/fr_FR\/services-3\/cloud\/\",\"url\":\"https:\/\/foxsecur.ca\/fr_FR\/services-3\/cloud\/\",\"name\":\"Le nuage - FoxSecur\",\"isPartOf\":{\"@id\":\"https:\/\/foxsecur.ca\/fr_FR\/#website\"},\"primaryImageOfPage\":{\"@id\":\"https:\/\/foxsecur.ca\/fr_FR\/services-3\/cloud\/#primaryimage\"},\"image\":{\"@id\":\"https:\/\/foxsecur.ca\/fr_FR\/services-3\/cloud\/#primaryimage\"},\"thumbnailUrl\":\"https:\/\/foxsecur.ca\/wp-content\/uploads\/2019\/03\/CloudBackUp2L.jpg\",\"datePublished\":\"2019-04-04T21:20:38+00:00\",\"dateModified\":\"2020-12-24T05:05:06+00:00\",\"breadcrumb\":{\"@id\":\"https:\/\/foxsecur.ca\/fr_FR\/services-3\/cloud\/#breadcrumb\"},\"inLanguage\":\"en-US\",\"potentialAction\":[{\"@type\":\"ReadAction\",\"target\":[\"https:\/\/foxsecur.ca\/fr_FR\/services-3\/cloud\/\"]}]},{\"@type\":\"ImageObject\",\"inLanguage\":\"en-US\",\"@id\":\"https:\/\/foxsecur.ca\/fr_FR\/services-3\/cloud\/#primaryimage\",\"url\":\"https:\/\/foxsecur.ca\/wp-content\/uploads\/2019\/03\/CloudBackUp2L.jpg\",\"contentUrl\":\"https:\/\/foxsecur.ca\/wp-content\/uploads\/2019\/03\/CloudBackUp2L.jpg\",\"width\":902,\"height\":506},{\"@type\":\"BreadcrumbList\",\"@id\":\"https:\/\/foxsecur.ca\/fr_FR\/services-3\/cloud\/#breadcrumb\",\"itemListElement\":[{\"@type\":\"ListItem\",\"position\":1,\"name\":\"Home\",\"item\":\"https:\/\/foxsecur.ca\/\"},{\"@type\":\"ListItem\",\"position\":2,\"name\":\"SERVICES\",\"item\":\"https:\/\/foxsecur.ca\/fr_FR\/services-3\/\"},{\"@type\":\"ListItem\",\"position\":3,\"name\":\"Le nuage\"}]},{\"@type\":\"WebSite\",\"@id\":\"https:\/\/foxsecur.ca\/fr_FR\/#website\",\"url\":\"https:\/\/foxsecur.ca\/fr_FR\/\",\"name\":\"FoxSecur\",\"description\":\"Electronic Security Systems and Services\",\"publisher\":{\"@id\":\"https:\/\/foxsecur.ca\/fr_FR\/#organization\"},\"potentialAction\":[{\"@type\":\"SearchAction\",\"target\":{\"@type\":\"EntryPoint\",\"urlTemplate\":\"https:\/\/foxsecur.ca\/fr_FR\/?s={search_term_string}\"},\"query-input\":{\"@type\":\"PropertyValueSpecification\",\"valueRequired\":true,\"valueName\":\"search_term_string\"}}],\"inLanguage\":\"en-US\"},{\"@type\":\"Organization\",\"@id\":\"https:\/\/foxsecur.ca\/fr_FR\/#organization\",\"name\":\"Fox Secur\",\"url\":\"https:\/\/foxsecur.ca\/fr_FR\/\",\"logo\":{\"@type\":\"ImageObject\",\"inLanguage\":\"en-US\",\"@id\":\"https:\/\/foxsecur.ca\/fr_FR\/#\/schema\/logo\/image\/\",\"url\":\"https:\/\/foxsecur.ca\/wp-content\/uploads\/2020\/04\/New-Fox-Logo-white-1.jpg\",\"contentUrl\":\"https:\/\/foxsecur.ca\/wp-content\/uploads\/2020\/04\/New-Fox-Logo-white-1.jpg\",\"width\":194,\"height\":108,\"caption\":\"Fox Secur\"},\"image\":{\"@id\":\"https:\/\/foxsecur.ca\/fr_FR\/#\/schema\/logo\/image\/\"}}]}<\/script>\n<!-- \/ Yoast SEO plugin. -->","yoast_head_json":{"title":"Le nuage","description":"Le nuage\nOn estime qu\u2019aux \u00c9.-U. seulement, 140\u00a0000 disques durs tombent en panne chaque semaine, et seules 29\u00a0% de ces pannes sont accidentelles. Aucune entreprise ne peut se permettre ce genre d\u2019ennuis. Plus que jamais, les entreprises sont...","robots":{"index":"index","follow":"follow","max-snippet":"max-snippet:-1","max-image-preview":"max-image-preview:large","max-video-preview":"max-video-preview:-1"},"canonical":"https:\/\/foxsecur.ca\/fr_FR\/services-3\/cloud\/","og_locale":"en_US","og_type":"article","og_title":"Le nuage","og_description":"Le nuage\nOn estime qu\u2019aux \u00c9.-U. seulement, 140\u00a0000 disques durs tombent en panne chaque semaine, et seules 29\u00a0% de ces pannes sont accidentelles. Aucune entreprise ne peut se permettre ce genre d\u2019ennuis. Plus que jamais, les entreprises sont...","og_url":"https:\/\/foxsecur.ca\/fr_FR\/services-3\/cloud\/","og_site_name":"FoxSecur","article_modified_time":"2020-12-24T05:05:06+00:00","og_image":[{"width":902,"height":506,"url":"https:\/\/foxsecur.ca\/wp-content\/uploads\/2019\/03\/CloudBackUp2L.jpg","type":"image\/jpeg"}],"twitter_card":"summary_large_image","twitter_misc":{"Est. reading time":"1 minute"},"schema":{"@context":"https:\/\/schema.org","@graph":[{"@type":"WebPage","@id":"https:\/\/foxsecur.ca\/fr_FR\/services-3\/cloud\/","url":"https:\/\/foxsecur.ca\/fr_FR\/services-3\/cloud\/","name":"Le nuage - FoxSecur","isPartOf":{"@id":"https:\/\/foxsecur.ca\/fr_FR\/#website"},"primaryImageOfPage":{"@id":"https:\/\/foxsecur.ca\/fr_FR\/services-3\/cloud\/#primaryimage"},"image":{"@id":"https:\/\/foxsecur.ca\/fr_FR\/services-3\/cloud\/#primaryimage"},"thumbnailUrl":"https:\/\/foxsecur.ca\/wp-content\/uploads\/2019\/03\/CloudBackUp2L.jpg","datePublished":"2019-04-04T21:20:38+00:00","dateModified":"2020-12-24T05:05:06+00:00","breadcrumb":{"@id":"https:\/\/foxsecur.ca\/fr_FR\/services-3\/cloud\/#breadcrumb"},"inLanguage":"en-US","potentialAction":[{"@type":"ReadAction","target":["https:\/\/foxsecur.ca\/fr_FR\/services-3\/cloud\/"]}]},{"@type":"ImageObject","inLanguage":"en-US","@id":"https:\/\/foxsecur.ca\/fr_FR\/services-3\/cloud\/#primaryimage","url":"https:\/\/foxsecur.ca\/wp-content\/uploads\/2019\/03\/CloudBackUp2L.jpg","contentUrl":"https:\/\/foxsecur.ca\/wp-content\/uploads\/2019\/03\/CloudBackUp2L.jpg","width":902,"height":506},{"@type":"BreadcrumbList","@id":"https:\/\/foxsecur.ca\/fr_FR\/services-3\/cloud\/#breadcrumb","itemListElement":[{"@type":"ListItem","position":1,"name":"Home","item":"https:\/\/foxsecur.ca\/"},{"@type":"ListItem","position":2,"name":"SERVICES","item":"https:\/\/foxsecur.ca\/fr_FR\/services-3\/"},{"@type":"ListItem","position":3,"name":"Le nuage"}]},{"@type":"WebSite","@id":"https:\/\/foxsecur.ca\/fr_FR\/#website","url":"https:\/\/foxsecur.ca\/fr_FR\/","name":"FoxSecur","description":"Electronic Security Systems and Services","publisher":{"@id":"https:\/\/foxsecur.ca\/fr_FR\/#organization"},"potentialAction":[{"@type":"SearchAction","target":{"@type":"EntryPoint","urlTemplate":"https:\/\/foxsecur.ca\/fr_FR\/?s={search_term_string}"},"query-input":{"@type":"PropertyValueSpecification","valueRequired":true,"valueName":"search_term_string"}}],"inLanguage":"en-US"},{"@type":"Organization","@id":"https:\/\/foxsecur.ca\/fr_FR\/#organization","name":"Fox Secur","url":"https:\/\/foxsecur.ca\/fr_FR\/","logo":{"@type":"ImageObject","inLanguage":"en-US","@id":"https:\/\/foxsecur.ca\/fr_FR\/#\/schema\/logo\/image\/","url":"https:\/\/foxsecur.ca\/wp-content\/uploads\/2020\/04\/New-Fox-Logo-white-1.jpg","contentUrl":"https:\/\/foxsecur.ca\/wp-content\/uploads\/2020\/04\/New-Fox-Logo-white-1.jpg","width":194,"height":108,"caption":"Fox Secur"},"image":{"@id":"https:\/\/foxsecur.ca\/fr_FR\/#\/schema\/logo\/image\/"}}]}},"_links":{"self":[{"href":"https:\/\/foxsecur.ca\/fr_FR\/wp-json\/wp\/v2\/pages\/12810","targetHints":{"allow":["GET"]}}],"collection":[{"href":"https:\/\/foxsecur.ca\/fr_FR\/wp-json\/wp\/v2\/pages"}],"about":[{"href":"https:\/\/foxsecur.ca\/fr_FR\/wp-json\/wp\/v2\/types\/page"}],"author":[{"embeddable":true,"href":"https:\/\/foxsecur.ca\/fr_FR\/wp-json\/wp\/v2\/users\/4"}],"replies":[{"embeddable":true,"href":"https:\/\/foxsecur.ca\/fr_FR\/wp-json\/wp\/v2\/comments?post=12810"}],"version-history":[{"count":6,"href":"https:\/\/foxsecur.ca\/fr_FR\/wp-json\/wp\/v2\/pages\/12810\/revisions"}],"predecessor-version":[{"id":13089,"href":"https:\/\/foxsecur.ca\/fr_FR\/wp-json\/wp\/v2\/pages\/12810\/revisions\/13089"}],"up":[{"embeddable":true,"href":"https:\/\/foxsecur.ca\/fr_FR\/wp-json\/wp\/v2\/pages\/13046"}],"wp:featuredmedia":[{"embeddable":true,"href":"https:\/\/foxsecur.ca\/fr_FR\/wp-json\/wp\/v2\/media\/12710"}],"wp:attachment":[{"href":"https:\/\/foxsecur.ca\/fr_FR\/wp-json\/wp\/v2\/media?parent=12810"}],"curies":[{"name":"wp","href":"https:\/\/api.w.org\/{rel}","templated":true}]}}