{"id":12813,"date":"2019-04-04T21:27:37","date_gmt":"2019-04-04T21:27:37","guid":{"rendered":"https:\/\/foxsecur.ca\/?page_id=12813"},"modified":"2020-12-24T06:01:27","modified_gmt":"2020-12-24T06:01:27","slug":"energy-management","status":"publish","type":"page","link":"https:\/\/foxsecur.ca\/fr_FR\/services-3\/energy-management\/","title":{"rendered":"Gestion \u00e9nerg\u00e9tique"},"content":{"rendered":"<h1>Gestion \u00e9nerg\u00e9tique<\/h1>\n<p>Selon les tests rigoureux et ind\u00e9pendants de l\u2019agence de la protection de l\u2019environnement exig\u00e9s pour obtenir la certification ENERGY STAR\u00ae, nos thermostats intelligents vous font \u00e9conomiser entre 9 et 16 pour cent de l\u2019\u00e9nergie que vous utiliseriez habituellement pour chauffer votre domicile cet hiver.<\/p>\n<p>Foxsecur a introduit des syst\u00e8mes intelligents pour la maison qui permettent aux propri\u00e9taires de g\u00e9rer, surveiller et r\u00e9gler leur confort et leur budget au moyen d\u2019applications appropri\u00e9es. Gr\u00e2ce \u00e0 des capteurs install\u00e9s dans les diff\u00e9rentes pi\u00e8ces, les thermostats intelligents vous permettent d\u2019optimiser la temp\u00e9rature \u00e0 l\u2019int\u00e9rieur de chez vous, o\u00f9 que vous vous trouviez dans le monde, avec une simple pression du doigt.<\/p>\n<p>Contr\u00f4lez votre consommation \u00e9nerg\u00e9tique sans compromettre votre confort. Votre syst\u00e8me apprend vos besoins et s\u2019adapte pour y r\u00e9pondre.<\/p>\n<ul>\n<li>\u00c9conomie automatique\u00a0: r\u00e9duisez vos d\u00e9penses en \u00e9nergie lorsque vous vous absentez<\/li>\n<li>Horaire programm\u00e9\u00a0: adaptez votre thermostat \u00e0 votre horaire d\u2019activit\u00e9s<\/li>\n<li>Contr\u00f4le \u00e0 distance\u00a0: l\u2019application mobile ajuste vos thermostats et vous alerte au besoin<\/li>\n<\/ul>\n<p><strong>\u00c9clairage<\/strong><\/p>\n<ul>\n<li>Contr\u00f4lez votre \u00e9clairage \u00e0 des fins de confort et de s\u00e9curit\u00e9<\/li>\n<li>Programmez vos appareils pour qu\u2019ils s\u2019allument et s\u2019\u00e9teignent aux heures voulues<\/li>\n<li>Allumez et \u00e9teignez vos appareils d\u2019\u00e9clairage en armant ou en d\u00e9sarmant votre syst\u00e8me<\/li>\n<li>\u00c9teignez vos lumi\u00e8res ou allumez-les \u00e0 distance avec l\u2019application mobile<\/li>\n<li>Tout votre \u00e9clairage peut s\u2019allumer automatiquement au d\u00e9clenchement d\u2019une alarme<\/li>\n<\/ul>\n<p><strong>Contr\u00f4le \u00e9nerg\u00e9tique<\/strong><\/p>\n<ul>\n<li>V\u00e9rifiez votre usage et vos co\u00fbts en \u00e9nergie afin de rep\u00e9rer les fa\u00e7ons de les r\u00e9duire<\/li>\n<li>Surveillez votre consommation et voyez si vous gaspillez de l\u2019\u00e9nergie en votre absence<\/li>\n<li>Comparez les horaires de votre thermostat et observez les effets d\u2019un nouveau r\u00e9glage<\/li>\n<li>Si vous avez des panneaux solaires, sachez combien d\u2019\u00e9nergie ils produisent<\/li>\n<li>V\u00e9rifiez votre consommation \u00e9nerg\u00e9tique en $ ou en kWh<\/li>\n<\/ul>\n<p><!-- \n\n<div class=\"single-navigation clearfix row\">\n   \n\n<div class=\"col-md-6 prd\">\n    <a href=\"https:\/\/foxsecur.ca\/fr_FR\/services-3\/cloud\/\" rel=\"prev\">Previous<\/a>\n      \n\n<p class=\"pr\">On estime qu\u2019aux \u00c9.-U. seulement, 140 000 disqu...<\/p>\n\n\n   <\/div>\n\n\n   \n\n<div class=\"col-md-6 ned\">\n       <a href=\"https:\/\/foxsecur.ca\/fr_FR\/services-3\/fire-smoke\/\" rel=\"next\">Next<\/a>\n         \n\n<p class=\"ne\">Selon une \u00e9tude r\u00e9alis\u00e9e par le Laboratoire des assureu ...<\/p>\n\n \n   <\/div>\n\n\n<\/div>\n\n --><\/p>\n","protected":false},"excerpt":{"rendered":"<h1>Gestion \u00e9nerg\u00e9tique<\/h1>\n<p>Selon les tests rigoureux et ind\u00e9pendants de l\u2019agence de la protection de l\u2019environnement exig\u00e9s pour obtenir la certification ENERGY STAR\u00ae, nos thermostats intelligents vous font \u00e9conomiser entre 9 et 16 pour cent de l\u2019&#8230;<\/p>\n","protected":false},"author":4,"featured_media":12711,"parent":13046,"menu_order":5,"comment_status":"closed","ping_status":"closed","template":"","meta":{"_acf_changed":false,"footnotes":""},"class_list":["post-12813","page","type-page","status-publish","has-post-thumbnail","hentry"],"acf":[],"yoast_head":"<!-- This site is optimized with the Yoast SEO plugin v24.5 - https:\/\/yoast.com\/wordpress\/plugins\/seo\/ -->\n<title>Gestion \u00e9nerg\u00e9tique<\/title>\n<meta name=\"description\" content=\"Gestion \u00e9nerg\u00e9tique\r\nSelon les tests rigoureux et ind\u00e9pendants de l\u2019agence de la protection de l\u2019environnement exig\u00e9s pour obtenir la certification ENERGY STAR\u00ae, nos thermostats intelligents vous font \u00e9conomiser entre 9 et 16 pour cent de l\u2019...\" \/>\n<meta name=\"robots\" content=\"index, follow, max-snippet:-1, max-image-preview:large, max-video-preview:-1\" \/>\n<link rel=\"canonical\" href=\"https:\/\/foxsecur.ca\/fr_FR\/services-3\/energy-management\/\" \/>\n<meta property=\"og:locale\" content=\"en_US\" \/>\n<meta property=\"og:type\" content=\"article\" \/>\n<meta property=\"og:title\" content=\"Gestion \u00e9nerg\u00e9tique\" \/>\n<meta property=\"og:description\" content=\"Gestion \u00e9nerg\u00e9tique\r\nSelon les tests rigoureux et ind\u00e9pendants de l\u2019agence de la protection de l\u2019environnement exig\u00e9s pour obtenir la certification ENERGY STAR\u00ae, nos thermostats intelligents vous font \u00e9conomiser entre 9 et 16 pour cent de l\u2019...\" \/>\n<meta property=\"og:url\" content=\"https:\/\/foxsecur.ca\/fr_FR\/services-3\/energy-management\/\" \/>\n<meta property=\"og:site_name\" content=\"FoxSecur\" \/>\n<meta property=\"article:modified_time\" content=\"2020-12-24T06:01:27+00:00\" \/>\n<meta property=\"og:image\" content=\"https:\/\/foxsecur.ca\/wp-content\/uploads\/2019\/03\/EnergyL.jpg\" \/>\n\t<meta property=\"og:image:width\" content=\"902\" \/>\n\t<meta property=\"og:image:height\" content=\"506\" \/>\n\t<meta property=\"og:image:type\" content=\"image\/jpeg\" \/>\n<meta name=\"twitter:card\" content=\"summary_large_image\" \/>\n<meta name=\"twitter:label1\" content=\"Est. reading time\" \/>\n\t<meta name=\"twitter:data1\" content=\"2 minutes\" \/>\n<script type=\"application\/ld+json\" class=\"yoast-schema-graph\">{\"@context\":\"https:\/\/schema.org\",\"@graph\":[{\"@type\":\"WebPage\",\"@id\":\"https:\/\/foxsecur.ca\/fr_FR\/services-3\/energy-management\/\",\"url\":\"https:\/\/foxsecur.ca\/fr_FR\/services-3\/energy-management\/\",\"name\":\"Gestion \u00e9nerg\u00e9tique - FoxSecur\",\"isPartOf\":{\"@id\":\"https:\/\/foxsecur.ca\/fr_FR\/#website\"},\"primaryImageOfPage\":{\"@id\":\"https:\/\/foxsecur.ca\/fr_FR\/services-3\/energy-management\/#primaryimage\"},\"image\":{\"@id\":\"https:\/\/foxsecur.ca\/fr_FR\/services-3\/energy-management\/#primaryimage\"},\"thumbnailUrl\":\"https:\/\/foxsecur.ca\/wp-content\/uploads\/2019\/03\/EnergyL.jpg\",\"datePublished\":\"2019-04-04T21:27:37+00:00\",\"dateModified\":\"2020-12-24T06:01:27+00:00\",\"breadcrumb\":{\"@id\":\"https:\/\/foxsecur.ca\/fr_FR\/services-3\/energy-management\/#breadcrumb\"},\"inLanguage\":\"en-US\",\"potentialAction\":[{\"@type\":\"ReadAction\",\"target\":[\"https:\/\/foxsecur.ca\/fr_FR\/services-3\/energy-management\/\"]}]},{\"@type\":\"ImageObject\",\"inLanguage\":\"en-US\",\"@id\":\"https:\/\/foxsecur.ca\/fr_FR\/services-3\/energy-management\/#primaryimage\",\"url\":\"https:\/\/foxsecur.ca\/wp-content\/uploads\/2019\/03\/EnergyL.jpg\",\"contentUrl\":\"https:\/\/foxsecur.ca\/wp-content\/uploads\/2019\/03\/EnergyL.jpg\",\"width\":902,\"height\":506},{\"@type\":\"BreadcrumbList\",\"@id\":\"https:\/\/foxsecur.ca\/fr_FR\/services-3\/energy-management\/#breadcrumb\",\"itemListElement\":[{\"@type\":\"ListItem\",\"position\":1,\"name\":\"Home\",\"item\":\"https:\/\/foxsecur.ca\/\"},{\"@type\":\"ListItem\",\"position\":2,\"name\":\"SERVICES\",\"item\":\"https:\/\/foxsecur.ca\/fr_FR\/services-3\/\"},{\"@type\":\"ListItem\",\"position\":3,\"name\":\"Gestion \u00e9nerg\u00e9tique\"}]},{\"@type\":\"WebSite\",\"@id\":\"https:\/\/foxsecur.ca\/fr_FR\/#website\",\"url\":\"https:\/\/foxsecur.ca\/fr_FR\/\",\"name\":\"FoxSecur\",\"description\":\"Electronic Security Systems and Services\",\"publisher\":{\"@id\":\"https:\/\/foxsecur.ca\/fr_FR\/#organization\"},\"potentialAction\":[{\"@type\":\"SearchAction\",\"target\":{\"@type\":\"EntryPoint\",\"urlTemplate\":\"https:\/\/foxsecur.ca\/fr_FR\/?s={search_term_string}\"},\"query-input\":{\"@type\":\"PropertyValueSpecification\",\"valueRequired\":true,\"valueName\":\"search_term_string\"}}],\"inLanguage\":\"en-US\"},{\"@type\":\"Organization\",\"@id\":\"https:\/\/foxsecur.ca\/fr_FR\/#organization\",\"name\":\"Fox Secur\",\"url\":\"https:\/\/foxsecur.ca\/fr_FR\/\",\"logo\":{\"@type\":\"ImageObject\",\"inLanguage\":\"en-US\",\"@id\":\"https:\/\/foxsecur.ca\/fr_FR\/#\/schema\/logo\/image\/\",\"url\":\"https:\/\/foxsecur.ca\/wp-content\/uploads\/2020\/04\/New-Fox-Logo-white-1.jpg\",\"contentUrl\":\"https:\/\/foxsecur.ca\/wp-content\/uploads\/2020\/04\/New-Fox-Logo-white-1.jpg\",\"width\":194,\"height\":108,\"caption\":\"Fox Secur\"},\"image\":{\"@id\":\"https:\/\/foxsecur.ca\/fr_FR\/#\/schema\/logo\/image\/\"}}]}<\/script>\n<!-- \/ Yoast SEO plugin. -->","yoast_head_json":{"title":"Gestion \u00e9nerg\u00e9tique","description":"Gestion \u00e9nerg\u00e9tique\r\nSelon les tests rigoureux et ind\u00e9pendants de l\u2019agence de la protection de l\u2019environnement exig\u00e9s pour obtenir la certification ENERGY STAR\u00ae, nos thermostats intelligents vous font \u00e9conomiser entre 9 et 16 pour cent de l\u2019...","robots":{"index":"index","follow":"follow","max-snippet":"max-snippet:-1","max-image-preview":"max-image-preview:large","max-video-preview":"max-video-preview:-1"},"canonical":"https:\/\/foxsecur.ca\/fr_FR\/services-3\/energy-management\/","og_locale":"en_US","og_type":"article","og_title":"Gestion \u00e9nerg\u00e9tique","og_description":"Gestion \u00e9nerg\u00e9tique\r\nSelon les tests rigoureux et ind\u00e9pendants de l\u2019agence de la protection de l\u2019environnement exig\u00e9s pour obtenir la certification ENERGY STAR\u00ae, nos thermostats intelligents vous font \u00e9conomiser entre 9 et 16 pour cent de l\u2019...","og_url":"https:\/\/foxsecur.ca\/fr_FR\/services-3\/energy-management\/","og_site_name":"FoxSecur","article_modified_time":"2020-12-24T06:01:27+00:00","og_image":[{"width":902,"height":506,"url":"https:\/\/foxsecur.ca\/wp-content\/uploads\/2019\/03\/EnergyL.jpg","type":"image\/jpeg"}],"twitter_card":"summary_large_image","twitter_misc":{"Est. reading time":"2 minutes"},"schema":{"@context":"https:\/\/schema.org","@graph":[{"@type":"WebPage","@id":"https:\/\/foxsecur.ca\/fr_FR\/services-3\/energy-management\/","url":"https:\/\/foxsecur.ca\/fr_FR\/services-3\/energy-management\/","name":"Gestion \u00e9nerg\u00e9tique - FoxSecur","isPartOf":{"@id":"https:\/\/foxsecur.ca\/fr_FR\/#website"},"primaryImageOfPage":{"@id":"https:\/\/foxsecur.ca\/fr_FR\/services-3\/energy-management\/#primaryimage"},"image":{"@id":"https:\/\/foxsecur.ca\/fr_FR\/services-3\/energy-management\/#primaryimage"},"thumbnailUrl":"https:\/\/foxsecur.ca\/wp-content\/uploads\/2019\/03\/EnergyL.jpg","datePublished":"2019-04-04T21:27:37+00:00","dateModified":"2020-12-24T06:01:27+00:00","breadcrumb":{"@id":"https:\/\/foxsecur.ca\/fr_FR\/services-3\/energy-management\/#breadcrumb"},"inLanguage":"en-US","potentialAction":[{"@type":"ReadAction","target":["https:\/\/foxsecur.ca\/fr_FR\/services-3\/energy-management\/"]}]},{"@type":"ImageObject","inLanguage":"en-US","@id":"https:\/\/foxsecur.ca\/fr_FR\/services-3\/energy-management\/#primaryimage","url":"https:\/\/foxsecur.ca\/wp-content\/uploads\/2019\/03\/EnergyL.jpg","contentUrl":"https:\/\/foxsecur.ca\/wp-content\/uploads\/2019\/03\/EnergyL.jpg","width":902,"height":506},{"@type":"BreadcrumbList","@id":"https:\/\/foxsecur.ca\/fr_FR\/services-3\/energy-management\/#breadcrumb","itemListElement":[{"@type":"ListItem","position":1,"name":"Home","item":"https:\/\/foxsecur.ca\/"},{"@type":"ListItem","position":2,"name":"SERVICES","item":"https:\/\/foxsecur.ca\/fr_FR\/services-3\/"},{"@type":"ListItem","position":3,"name":"Gestion \u00e9nerg\u00e9tique"}]},{"@type":"WebSite","@id":"https:\/\/foxsecur.ca\/fr_FR\/#website","url":"https:\/\/foxsecur.ca\/fr_FR\/","name":"FoxSecur","description":"Electronic Security Systems and Services","publisher":{"@id":"https:\/\/foxsecur.ca\/fr_FR\/#organization"},"potentialAction":[{"@type":"SearchAction","target":{"@type":"EntryPoint","urlTemplate":"https:\/\/foxsecur.ca\/fr_FR\/?s={search_term_string}"},"query-input":{"@type":"PropertyValueSpecification","valueRequired":true,"valueName":"search_term_string"}}],"inLanguage":"en-US"},{"@type":"Organization","@id":"https:\/\/foxsecur.ca\/fr_FR\/#organization","name":"Fox Secur","url":"https:\/\/foxsecur.ca\/fr_FR\/","logo":{"@type":"ImageObject","inLanguage":"en-US","@id":"https:\/\/foxsecur.ca\/fr_FR\/#\/schema\/logo\/image\/","url":"https:\/\/foxsecur.ca\/wp-content\/uploads\/2020\/04\/New-Fox-Logo-white-1.jpg","contentUrl":"https:\/\/foxsecur.ca\/wp-content\/uploads\/2020\/04\/New-Fox-Logo-white-1.jpg","width":194,"height":108,"caption":"Fox Secur"},"image":{"@id":"https:\/\/foxsecur.ca\/fr_FR\/#\/schema\/logo\/image\/"}}]}},"_links":{"self":[{"href":"https:\/\/foxsecur.ca\/fr_FR\/wp-json\/wp\/v2\/pages\/12813","targetHints":{"allow":["GET"]}}],"collection":[{"href":"https:\/\/foxsecur.ca\/fr_FR\/wp-json\/wp\/v2\/pages"}],"about":[{"href":"https:\/\/foxsecur.ca\/fr_FR\/wp-json\/wp\/v2\/types\/page"}],"author":[{"embeddable":true,"href":"https:\/\/foxsecur.ca\/fr_FR\/wp-json\/wp\/v2\/users\/4"}],"replies":[{"embeddable":true,"href":"https:\/\/foxsecur.ca\/fr_FR\/wp-json\/wp\/v2\/comments?post=12813"}],"version-history":[{"count":5,"href":"https:\/\/foxsecur.ca\/fr_FR\/wp-json\/wp\/v2\/pages\/12813\/revisions"}],"predecessor-version":[{"id":13092,"href":"https:\/\/foxsecur.ca\/fr_FR\/wp-json\/wp\/v2\/pages\/12813\/revisions\/13092"}],"up":[{"embeddable":true,"href":"https:\/\/foxsecur.ca\/fr_FR\/wp-json\/wp\/v2\/pages\/13046"}],"wp:featuredmedia":[{"embeddable":true,"href":"https:\/\/foxsecur.ca\/fr_FR\/wp-json\/wp\/v2\/media\/12711"}],"wp:attachment":[{"href":"https:\/\/foxsecur.ca\/fr_FR\/wp-json\/wp\/v2\/media?parent=12813"}],"curies":[{"name":"wp","href":"https:\/\/api.w.org\/{rel}","templated":true}]}}