{"id":12816,"date":"2019-04-04T21:29:58","date_gmt":"2019-04-04T21:29:58","guid":{"rendered":"https:\/\/foxsecur.ca\/?page_id=12816"},"modified":"2020-12-24T06:05:17","modified_gmt":"2020-12-24T06:05:17","slug":"fire-smoke","status":"publish","type":"page","link":"https:\/\/foxsecur.ca\/fr_FR\/services-3\/fire-smoke\/","title":{"rendered":"Feu et fum\u00e9e"},"content":{"rendered":"<h1>Feu et fum\u00e9e<\/h1>\n<p>Selon une \u00e9tude r\u00e9alis\u00e9e par le Laboratoire des assureurs, les habitations modernes br\u00fblent jusqu\u2019\u00e0 huit fois plus vite que des habitations comparables b\u00e2ties entre 1950 et 1970. La raison en est que la demeure moderne est fabriqu\u00e9e et d\u00e9cor\u00e9e de mat\u00e9riaux synth\u00e9tiques qui se consument plus rapidement. En outre, les statistiques montrent que dans 37\u00a0% des incendies ayant caus\u00e9 un d\u00e9c\u00e8s, la batterie de l\u2019avertisseur de fum\u00e9e \u00e9tait d\u00e9charg\u00e9e. En \u00e9troite collaboration avec ses associ\u00e9s, Foxsecur propose des technologies de prochaine g\u00e9n\u00e9ration qui marquent un \u00e9norme pas en avant en mati\u00e8re de d\u00e9tection d\u2019incendie. Vous b\u00e9n\u00e9ficiez ainsi des outils les plus performants pour vous aider dans des situations o\u00f9 chaque seconde compte.<\/p>\n<p>Nous savons que vous ne prot\u00e9gez pas seulement votre domicile ou votre entreprise, mais avant tout des vies!! Nous \u00e9voluons dans le domaine de la protection des biens depuis plus de 30 ans. Nous savons ce qu\u2019il vous faut pour prot\u00e9ger votre domicile, votre entreprise et surtout des vies. Nous tenons \u00e0 vous faire sentir que votre s\u00e9curit\u00e9 est entre bonnes mains.<\/p>\n<p>Prot\u00e9gez votre foyer et soyez averti(e) d\u00e8s le d\u00e9clenchement d\u2019une alerte de fum\u00e9e ou de feu.<\/p>\n<ul>\n<li>Surveillance et r\u00e9ponse aux urgences ex\u00e9cut\u00e9es par des professionnels<\/li>\n<li>Vous recevez un avertissement d\u00e8s que l\u2019alerte est lanc\u00e9e<\/li>\n<\/ul>\n<p><!-- \n\n<div class=\"single-navigation clearfix row\">\n   \n\n<div class=\"col-md-6 prd\">\n    <a href=\"https:\/\/foxsecur.ca\/fr_FR\/services-3\/energy-management\/\" rel=\"prev\">Previous<\/a>\n      \n\n<p class=\"pr\">Selon les tests rigoureux et ind\u00e9pendants de l\u2019agen...<\/p>\n\n\n   <\/div>\n\n\n   \n\n<div class=\"col-md-6 ned\">\n       <a href=\"https:\/\/foxsecur.ca\/fr_FR\/services-3\/water-management\/\" rel=\"next\">Next<\/a>\n         \n\n<p class=\"ne\">Qu\u2019il s\u2019agisse de votre r\u00e9sidence ou de votre entrepr ...<\/p>\n\n \n   <\/div>\n\n\n<\/div>\n\n --><\/p>\n","protected":false},"excerpt":{"rendered":"<h1>Feu et fum\u00e9e<\/h1>\n<p>Selon une \u00e9tude r\u00e9alis\u00e9e par le Laboratoire des assureurs, les habitations modernes br\u00fblent jusqu\u2019\u00e0 huit fois plus vite que des habitations comparables b\u00e2ties entre 1950 et 1970. La raison en est que la demeure moderne est fabri&#8230;<\/p>\n","protected":false},"author":4,"featured_media":12712,"parent":13046,"menu_order":6,"comment_status":"closed","ping_status":"closed","template":"","meta":{"_acf_changed":false,"footnotes":""},"class_list":["post-12816","page","type-page","status-publish","has-post-thumbnail","hentry"],"acf":[],"yoast_head":"<!-- This site is optimized with the Yoast SEO plugin v24.5 - https:\/\/yoast.com\/wordpress\/plugins\/seo\/ -->\n<title>Feu et fum\u00e9e<\/title>\n<meta name=\"description\" content=\"Feu et fum\u00e9e\nSelon une \u00e9tude r\u00e9alis\u00e9e par le Laboratoire des assureurs, les habitations modernes br\u00fblent jusqu\u2019\u00e0 huit fois plus vite que des habitations comparables b\u00e2ties entre 1950 et 1970. La raison en est que la demeure moderne est fabri...\" \/>\n<meta name=\"robots\" content=\"index, follow, max-snippet:-1, max-image-preview:large, max-video-preview:-1\" \/>\n<link rel=\"canonical\" href=\"https:\/\/foxsecur.ca\/fr_FR\/services-3\/fire-smoke\/\" \/>\n<meta property=\"og:locale\" content=\"en_US\" \/>\n<meta property=\"og:type\" content=\"article\" \/>\n<meta property=\"og:title\" content=\"Feu et fum\u00e9e\" \/>\n<meta property=\"og:description\" content=\"Feu et fum\u00e9e\nSelon une \u00e9tude r\u00e9alis\u00e9e par le Laboratoire des assureurs, les habitations modernes br\u00fblent jusqu\u2019\u00e0 huit fois plus vite que des habitations comparables b\u00e2ties entre 1950 et 1970. La raison en est que la demeure moderne est fabri...\" \/>\n<meta property=\"og:url\" content=\"https:\/\/foxsecur.ca\/fr_FR\/services-3\/fire-smoke\/\" \/>\n<meta property=\"og:site_name\" content=\"FoxSecur\" \/>\n<meta property=\"article:modified_time\" content=\"2020-12-24T06:05:17+00:00\" \/>\n<meta property=\"og:image\" content=\"https:\/\/foxsecur.ca\/wp-content\/uploads\/2019\/03\/SmokeDetection2L.jpg\" \/>\n\t<meta property=\"og:image:width\" content=\"902\" \/>\n\t<meta property=\"og:image:height\" content=\"506\" \/>\n\t<meta property=\"og:image:type\" content=\"image\/jpeg\" \/>\n<meta name=\"twitter:card\" content=\"summary_large_image\" \/>\n<meta name=\"twitter:label1\" content=\"Est. reading time\" \/>\n\t<meta name=\"twitter:data1\" content=\"1 minute\" \/>\n<script type=\"application\/ld+json\" class=\"yoast-schema-graph\">{\"@context\":\"https:\/\/schema.org\",\"@graph\":[{\"@type\":\"WebPage\",\"@id\":\"https:\/\/foxsecur.ca\/fr_FR\/services-3\/fire-smoke\/\",\"url\":\"https:\/\/foxsecur.ca\/fr_FR\/services-3\/fire-smoke\/\",\"name\":\"Feu et fum\u00e9e - FoxSecur\",\"isPartOf\":{\"@id\":\"https:\/\/foxsecur.ca\/fr_FR\/#website\"},\"primaryImageOfPage\":{\"@id\":\"https:\/\/foxsecur.ca\/fr_FR\/services-3\/fire-smoke\/#primaryimage\"},\"image\":{\"@id\":\"https:\/\/foxsecur.ca\/fr_FR\/services-3\/fire-smoke\/#primaryimage\"},\"thumbnailUrl\":\"https:\/\/foxsecur.ca\/wp-content\/uploads\/2019\/03\/SmokeDetection2L.jpg\",\"datePublished\":\"2019-04-04T21:29:58+00:00\",\"dateModified\":\"2020-12-24T06:05:17+00:00\",\"breadcrumb\":{\"@id\":\"https:\/\/foxsecur.ca\/fr_FR\/services-3\/fire-smoke\/#breadcrumb\"},\"inLanguage\":\"en-US\",\"potentialAction\":[{\"@type\":\"ReadAction\",\"target\":[\"https:\/\/foxsecur.ca\/fr_FR\/services-3\/fire-smoke\/\"]}]},{\"@type\":\"ImageObject\",\"inLanguage\":\"en-US\",\"@id\":\"https:\/\/foxsecur.ca\/fr_FR\/services-3\/fire-smoke\/#primaryimage\",\"url\":\"https:\/\/foxsecur.ca\/wp-content\/uploads\/2019\/03\/SmokeDetection2L.jpg\",\"contentUrl\":\"https:\/\/foxsecur.ca\/wp-content\/uploads\/2019\/03\/SmokeDetection2L.jpg\",\"width\":902,\"height\":506},{\"@type\":\"BreadcrumbList\",\"@id\":\"https:\/\/foxsecur.ca\/fr_FR\/services-3\/fire-smoke\/#breadcrumb\",\"itemListElement\":[{\"@type\":\"ListItem\",\"position\":1,\"name\":\"Home\",\"item\":\"https:\/\/foxsecur.ca\/\"},{\"@type\":\"ListItem\",\"position\":2,\"name\":\"SERVICES\",\"item\":\"https:\/\/foxsecur.ca\/fr_FR\/services-3\/\"},{\"@type\":\"ListItem\",\"position\":3,\"name\":\"Feu et fum\u00e9e\"}]},{\"@type\":\"WebSite\",\"@id\":\"https:\/\/foxsecur.ca\/fr_FR\/#website\",\"url\":\"https:\/\/foxsecur.ca\/fr_FR\/\",\"name\":\"FoxSecur\",\"description\":\"Electronic Security Systems and Services\",\"publisher\":{\"@id\":\"https:\/\/foxsecur.ca\/fr_FR\/#organization\"},\"potentialAction\":[{\"@type\":\"SearchAction\",\"target\":{\"@type\":\"EntryPoint\",\"urlTemplate\":\"https:\/\/foxsecur.ca\/fr_FR\/?s={search_term_string}\"},\"query-input\":{\"@type\":\"PropertyValueSpecification\",\"valueRequired\":true,\"valueName\":\"search_term_string\"}}],\"inLanguage\":\"en-US\"},{\"@type\":\"Organization\",\"@id\":\"https:\/\/foxsecur.ca\/fr_FR\/#organization\",\"name\":\"Fox Secur\",\"url\":\"https:\/\/foxsecur.ca\/fr_FR\/\",\"logo\":{\"@type\":\"ImageObject\",\"inLanguage\":\"en-US\",\"@id\":\"https:\/\/foxsecur.ca\/fr_FR\/#\/schema\/logo\/image\/\",\"url\":\"https:\/\/foxsecur.ca\/wp-content\/uploads\/2020\/04\/New-Fox-Logo-white-1.jpg\",\"contentUrl\":\"https:\/\/foxsecur.ca\/wp-content\/uploads\/2020\/04\/New-Fox-Logo-white-1.jpg\",\"width\":194,\"height\":108,\"caption\":\"Fox Secur\"},\"image\":{\"@id\":\"https:\/\/foxsecur.ca\/fr_FR\/#\/schema\/logo\/image\/\"}}]}<\/script>\n<!-- \/ Yoast SEO plugin. -->","yoast_head_json":{"title":"Feu et fum\u00e9e","description":"Feu et fum\u00e9e\nSelon une \u00e9tude r\u00e9alis\u00e9e par le Laboratoire des assureurs, les habitations modernes br\u00fblent jusqu\u2019\u00e0 huit fois plus vite que des habitations comparables b\u00e2ties entre 1950 et 1970. La raison en est que la demeure moderne est fabri...","robots":{"index":"index","follow":"follow","max-snippet":"max-snippet:-1","max-image-preview":"max-image-preview:large","max-video-preview":"max-video-preview:-1"},"canonical":"https:\/\/foxsecur.ca\/fr_FR\/services-3\/fire-smoke\/","og_locale":"en_US","og_type":"article","og_title":"Feu et fum\u00e9e","og_description":"Feu et fum\u00e9e\nSelon une \u00e9tude r\u00e9alis\u00e9e par le Laboratoire des assureurs, les habitations modernes br\u00fblent jusqu\u2019\u00e0 huit fois plus vite que des habitations comparables b\u00e2ties entre 1950 et 1970. La raison en est que la demeure moderne est fabri...","og_url":"https:\/\/foxsecur.ca\/fr_FR\/services-3\/fire-smoke\/","og_site_name":"FoxSecur","article_modified_time":"2020-12-24T06:05:17+00:00","og_image":[{"width":902,"height":506,"url":"https:\/\/foxsecur.ca\/wp-content\/uploads\/2019\/03\/SmokeDetection2L.jpg","type":"image\/jpeg"}],"twitter_card":"summary_large_image","twitter_misc":{"Est. reading time":"1 minute"},"schema":{"@context":"https:\/\/schema.org","@graph":[{"@type":"WebPage","@id":"https:\/\/foxsecur.ca\/fr_FR\/services-3\/fire-smoke\/","url":"https:\/\/foxsecur.ca\/fr_FR\/services-3\/fire-smoke\/","name":"Feu et fum\u00e9e - FoxSecur","isPartOf":{"@id":"https:\/\/foxsecur.ca\/fr_FR\/#website"},"primaryImageOfPage":{"@id":"https:\/\/foxsecur.ca\/fr_FR\/services-3\/fire-smoke\/#primaryimage"},"image":{"@id":"https:\/\/foxsecur.ca\/fr_FR\/services-3\/fire-smoke\/#primaryimage"},"thumbnailUrl":"https:\/\/foxsecur.ca\/wp-content\/uploads\/2019\/03\/SmokeDetection2L.jpg","datePublished":"2019-04-04T21:29:58+00:00","dateModified":"2020-12-24T06:05:17+00:00","breadcrumb":{"@id":"https:\/\/foxsecur.ca\/fr_FR\/services-3\/fire-smoke\/#breadcrumb"},"inLanguage":"en-US","potentialAction":[{"@type":"ReadAction","target":["https:\/\/foxsecur.ca\/fr_FR\/services-3\/fire-smoke\/"]}]},{"@type":"ImageObject","inLanguage":"en-US","@id":"https:\/\/foxsecur.ca\/fr_FR\/services-3\/fire-smoke\/#primaryimage","url":"https:\/\/foxsecur.ca\/wp-content\/uploads\/2019\/03\/SmokeDetection2L.jpg","contentUrl":"https:\/\/foxsecur.ca\/wp-content\/uploads\/2019\/03\/SmokeDetection2L.jpg","width":902,"height":506},{"@type":"BreadcrumbList","@id":"https:\/\/foxsecur.ca\/fr_FR\/services-3\/fire-smoke\/#breadcrumb","itemListElement":[{"@type":"ListItem","position":1,"name":"Home","item":"https:\/\/foxsecur.ca\/"},{"@type":"ListItem","position":2,"name":"SERVICES","item":"https:\/\/foxsecur.ca\/fr_FR\/services-3\/"},{"@type":"ListItem","position":3,"name":"Feu et fum\u00e9e"}]},{"@type":"WebSite","@id":"https:\/\/foxsecur.ca\/fr_FR\/#website","url":"https:\/\/foxsecur.ca\/fr_FR\/","name":"FoxSecur","description":"Electronic Security Systems and Services","publisher":{"@id":"https:\/\/foxsecur.ca\/fr_FR\/#organization"},"potentialAction":[{"@type":"SearchAction","target":{"@type":"EntryPoint","urlTemplate":"https:\/\/foxsecur.ca\/fr_FR\/?s={search_term_string}"},"query-input":{"@type":"PropertyValueSpecification","valueRequired":true,"valueName":"search_term_string"}}],"inLanguage":"en-US"},{"@type":"Organization","@id":"https:\/\/foxsecur.ca\/fr_FR\/#organization","name":"Fox Secur","url":"https:\/\/foxsecur.ca\/fr_FR\/","logo":{"@type":"ImageObject","inLanguage":"en-US","@id":"https:\/\/foxsecur.ca\/fr_FR\/#\/schema\/logo\/image\/","url":"https:\/\/foxsecur.ca\/wp-content\/uploads\/2020\/04\/New-Fox-Logo-white-1.jpg","contentUrl":"https:\/\/foxsecur.ca\/wp-content\/uploads\/2020\/04\/New-Fox-Logo-white-1.jpg","width":194,"height":108,"caption":"Fox Secur"},"image":{"@id":"https:\/\/foxsecur.ca\/fr_FR\/#\/schema\/logo\/image\/"}}]}},"_links":{"self":[{"href":"https:\/\/foxsecur.ca\/fr_FR\/wp-json\/wp\/v2\/pages\/12816","targetHints":{"allow":["GET"]}}],"collection":[{"href":"https:\/\/foxsecur.ca\/fr_FR\/wp-json\/wp\/v2\/pages"}],"about":[{"href":"https:\/\/foxsecur.ca\/fr_FR\/wp-json\/wp\/v2\/types\/page"}],"author":[{"embeddable":true,"href":"https:\/\/foxsecur.ca\/fr_FR\/wp-json\/wp\/v2\/users\/4"}],"replies":[{"embeddable":true,"href":"https:\/\/foxsecur.ca\/fr_FR\/wp-json\/wp\/v2\/comments?post=12816"}],"version-history":[{"count":4,"href":"https:\/\/foxsecur.ca\/fr_FR\/wp-json\/wp\/v2\/pages\/12816\/revisions"}],"predecessor-version":[{"id":13093,"href":"https:\/\/foxsecur.ca\/fr_FR\/wp-json\/wp\/v2\/pages\/12816\/revisions\/13093"}],"up":[{"embeddable":true,"href":"https:\/\/foxsecur.ca\/fr_FR\/wp-json\/wp\/v2\/pages\/13046"}],"wp:featuredmedia":[{"embeddable":true,"href":"https:\/\/foxsecur.ca\/fr_FR\/wp-json\/wp\/v2\/media\/12712"}],"wp:attachment":[{"href":"https:\/\/foxsecur.ca\/fr_FR\/wp-json\/wp\/v2\/media?parent=12816"}],"curies":[{"name":"wp","href":"https:\/\/api.w.org\/{rel}","templated":true}]}}