{"id":12818,"date":"2019-04-04T21:31:42","date_gmt":"2019-04-04T21:31:42","guid":{"rendered":"https:\/\/foxsecur.ca\/?page_id=12818"},"modified":"2020-12-24T06:07:28","modified_gmt":"2020-12-24T06:07:28","slug":"water-management","status":"publish","type":"page","link":"https:\/\/foxsecur.ca\/fr_FR\/services-3\/water-management\/","title":{"rendered":"D\u00e9g\u00e2ts d\u2019eau"},"content":{"rendered":"<h1>D\u00e9g\u00e2ts d\u2019eau<\/h1>\n<p>Qu\u2019il s\u2019agisse de votre r\u00e9sidence ou de votre entreprise, vous savez que les risques associ\u00e9s aux d\u00e9g\u00e2ts d\u2019eau caus\u00e9s par un tuyau, une toilette ou des \u00e9lectrom\u00e9nagers d\u00e9fectueux sont plus \u00e9lev\u00e9s que jamais! Une \u00e9tude command\u00e9e par l\u2019Institut canadien des actuaires en 2011 attribuait 48\u00a0pour cent des r\u00e9clamations d\u2019assurance aux dommages caus\u00e9s par l\u2019eau. \u00c9gouts municipaux qui d\u00e9bordent, pluies torrentielles et redoux intempestifs ont d\u00e9cupl\u00e9 entretemps l\u2019impact financier d\u00e9vastateur sur les propri\u00e9taires immobiliers. Les assureurs rajustent constamment les polices en r\u00e9duisant les couvertures ou en augmentant les franchises.<\/p>\n<p>Devant l\u2019augmentation des co\u00fbts engendr\u00e9s par les changements climatiques, Foxsecur a collabor\u00e9 avec ses associ\u00e9s afin d\u2019introduire des technologies de prochaine g\u00e9n\u00e9ration con\u00e7ues pour r\u00e9duire les ravages et l\u2019impact financier des inondations. Aux premiers signes d\u2019une fuite d\u2019eau, nos technologies de d\u00e9tection d\u2019eau sans fil envoient au propri\u00e9taire une alerte sur son t\u00e9l\u00e9phone intelligent tout en actionnant une valve \u00e9lectrique pour fermer l\u2019entr\u00e9e d\u2019eau.<\/p>\n<ul>\n<li>Placez facilement des capteurs d\u2019eau aux endroits les plus vuln\u00e9rables du b\u00e2timent<\/li>\n<li>Une alerte est lanc\u00e9e d\u00e8s l\u2019instant o\u00f9 le capteur d\u00e9tecte une fuite<\/li>\n<li>Ouvrez ou fermez l\u2019entr\u00e9e d\u2019eau principale en actionnant la valve \u00e0 distance<\/li>\n<li>Bloquez automatiquement l\u2019entr\u00e9e d\u2019eau principale quand un capteur est activ\u00e9<\/li>\n<li>V\u00e9rifiez si les pompes de puisard fonctionnent et faites-vous alerter en cas de probl\u00e8me<\/li>\n<\/ul>\n<p><!-- \n\n<div class=\"single-navigation clearfix row\">\n   \n\n<div class=\"col-md-6 prd\">\n    <a href=\"https:\/\/foxsecur.ca\/fr_FR\/services-3\/fire-smoke\/\" rel=\"prev\">Previous<\/a>\n      \n\n<p class=\"pr\">Selon une \u00e9tude r\u00e9alis\u00e9e par le Laboratoire des assure...<\/p>\n\n\n   <\/div>\n\n\n   \n\n<div class=\"col-md-6 ned\">\n       <a href=\"https:\/\/foxsecur.ca\/fr_FR\/services-3\/wellness\/\" rel=\"next\">Next<\/a>\n         \n\n<p class=\"ne\">Selon les chiffres de Statistique Canada en 2016, les a\u00ee...<\/p>\n\n \n   <\/div>\n\n\n<\/div>\n\n --><\/p>\n","protected":false},"excerpt":{"rendered":"<h1>D\u00e9g\u00e2ts d\u2019eau<\/h1>\n<p>Qu\u2019il s\u2019agisse de votre r\u00e9sidence ou de votre entreprise, vous savez que les risques associ\u00e9s aux d\u00e9g\u00e2ts d\u2019eau caus\u00e9s par un tuyau, une toilette ou des \u00e9lectrom\u00e9nagers d\u00e9fectueux sont plus \u00e9lev\u00e9s que jamais! Une \u00e9tude command\u00e9e &#8230;<\/p>\n","protected":false},"author":4,"featured_media":12714,"parent":13046,"menu_order":7,"comment_status":"closed","ping_status":"closed","template":"","meta":{"_acf_changed":false,"footnotes":""},"class_list":["post-12818","page","type-page","status-publish","has-post-thumbnail","hentry"],"acf":[],"yoast_head":"<!-- This site is optimized with the Yoast SEO plugin v24.5 - https:\/\/yoast.com\/wordpress\/plugins\/seo\/ -->\n<title>D\u00e9g\u00e2ts d\u2019eau<\/title>\n<meta name=\"description\" content=\"D\u00e9g\u00e2ts d\u2019eau\nQu\u2019il s\u2019agisse de votre r\u00e9sidence ou de votre entreprise, vous savez que les risques associ\u00e9s aux d\u00e9g\u00e2ts d\u2019eau caus\u00e9s par un tuyau, une toilette ou des \u00e9lectrom\u00e9nagers d\u00e9fectueux sont plus \u00e9lev\u00e9s que jamais! Une \u00e9tude command\u00e9e ...\" \/>\n<meta name=\"robots\" content=\"index, follow, max-snippet:-1, max-image-preview:large, max-video-preview:-1\" \/>\n<link rel=\"canonical\" href=\"https:\/\/foxsecur.ca\/fr_FR\/services-3\/water-management\/\" \/>\n<meta property=\"og:locale\" content=\"en_US\" \/>\n<meta property=\"og:type\" content=\"article\" \/>\n<meta property=\"og:title\" content=\"D\u00e9g\u00e2ts d\u2019eau\" \/>\n<meta property=\"og:description\" content=\"D\u00e9g\u00e2ts d\u2019eau\nQu\u2019il s\u2019agisse de votre r\u00e9sidence ou de votre entreprise, vous savez que les risques associ\u00e9s aux d\u00e9g\u00e2ts d\u2019eau caus\u00e9s par un tuyau, une toilette ou des \u00e9lectrom\u00e9nagers d\u00e9fectueux sont plus \u00e9lev\u00e9s que jamais! Une \u00e9tude command\u00e9e ...\" \/>\n<meta property=\"og:url\" content=\"https:\/\/foxsecur.ca\/fr_FR\/services-3\/water-management\/\" \/>\n<meta property=\"og:site_name\" content=\"FoxSecur\" \/>\n<meta property=\"article:modified_time\" content=\"2020-12-24T06:07:28+00:00\" \/>\n<meta property=\"og:image\" content=\"https:\/\/foxsecur.ca\/wp-content\/uploads\/2019\/03\/WaterL.jpg\" \/>\n\t<meta property=\"og:image:width\" content=\"902\" \/>\n\t<meta property=\"og:image:height\" content=\"506\" \/>\n\t<meta property=\"og:image:type\" content=\"image\/jpeg\" \/>\n<meta name=\"twitter:card\" content=\"summary_large_image\" \/>\n<meta name=\"twitter:label1\" content=\"Est. reading time\" \/>\n\t<meta name=\"twitter:data1\" content=\"1 minute\" \/>\n<script type=\"application\/ld+json\" class=\"yoast-schema-graph\">{\"@context\":\"https:\/\/schema.org\",\"@graph\":[{\"@type\":\"WebPage\",\"@id\":\"https:\/\/foxsecur.ca\/fr_FR\/services-3\/water-management\/\",\"url\":\"https:\/\/foxsecur.ca\/fr_FR\/services-3\/water-management\/\",\"name\":\"D\u00e9g\u00e2ts d\u2019eau - FoxSecur\",\"isPartOf\":{\"@id\":\"https:\/\/foxsecur.ca\/fr_FR\/#website\"},\"primaryImageOfPage\":{\"@id\":\"https:\/\/foxsecur.ca\/fr_FR\/services-3\/water-management\/#primaryimage\"},\"image\":{\"@id\":\"https:\/\/foxsecur.ca\/fr_FR\/services-3\/water-management\/#primaryimage\"},\"thumbnailUrl\":\"https:\/\/foxsecur.ca\/wp-content\/uploads\/2019\/03\/WaterL.jpg\",\"datePublished\":\"2019-04-04T21:31:42+00:00\",\"dateModified\":\"2020-12-24T06:07:28+00:00\",\"breadcrumb\":{\"@id\":\"https:\/\/foxsecur.ca\/fr_FR\/services-3\/water-management\/#breadcrumb\"},\"inLanguage\":\"en-US\",\"potentialAction\":[{\"@type\":\"ReadAction\",\"target\":[\"https:\/\/foxsecur.ca\/fr_FR\/services-3\/water-management\/\"]}]},{\"@type\":\"ImageObject\",\"inLanguage\":\"en-US\",\"@id\":\"https:\/\/foxsecur.ca\/fr_FR\/services-3\/water-management\/#primaryimage\",\"url\":\"https:\/\/foxsecur.ca\/wp-content\/uploads\/2019\/03\/WaterL.jpg\",\"contentUrl\":\"https:\/\/foxsecur.ca\/wp-content\/uploads\/2019\/03\/WaterL.jpg\",\"width\":902,\"height\":506},{\"@type\":\"BreadcrumbList\",\"@id\":\"https:\/\/foxsecur.ca\/fr_FR\/services-3\/water-management\/#breadcrumb\",\"itemListElement\":[{\"@type\":\"ListItem\",\"position\":1,\"name\":\"Home\",\"item\":\"https:\/\/foxsecur.ca\/\"},{\"@type\":\"ListItem\",\"position\":2,\"name\":\"SERVICES\",\"item\":\"https:\/\/foxsecur.ca\/fr_FR\/services-3\/\"},{\"@type\":\"ListItem\",\"position\":3,\"name\":\"D\u00e9g\u00e2ts d\u2019eau\"}]},{\"@type\":\"WebSite\",\"@id\":\"https:\/\/foxsecur.ca\/fr_FR\/#website\",\"url\":\"https:\/\/foxsecur.ca\/fr_FR\/\",\"name\":\"FoxSecur\",\"description\":\"Electronic Security Systems and Services\",\"publisher\":{\"@id\":\"https:\/\/foxsecur.ca\/fr_FR\/#organization\"},\"potentialAction\":[{\"@type\":\"SearchAction\",\"target\":{\"@type\":\"EntryPoint\",\"urlTemplate\":\"https:\/\/foxsecur.ca\/fr_FR\/?s={search_term_string}\"},\"query-input\":{\"@type\":\"PropertyValueSpecification\",\"valueRequired\":true,\"valueName\":\"search_term_string\"}}],\"inLanguage\":\"en-US\"},{\"@type\":\"Organization\",\"@id\":\"https:\/\/foxsecur.ca\/fr_FR\/#organization\",\"name\":\"Fox Secur\",\"url\":\"https:\/\/foxsecur.ca\/fr_FR\/\",\"logo\":{\"@type\":\"ImageObject\",\"inLanguage\":\"en-US\",\"@id\":\"https:\/\/foxsecur.ca\/fr_FR\/#\/schema\/logo\/image\/\",\"url\":\"https:\/\/foxsecur.ca\/wp-content\/uploads\/2020\/04\/New-Fox-Logo-white-1.jpg\",\"contentUrl\":\"https:\/\/foxsecur.ca\/wp-content\/uploads\/2020\/04\/New-Fox-Logo-white-1.jpg\",\"width\":194,\"height\":108,\"caption\":\"Fox Secur\"},\"image\":{\"@id\":\"https:\/\/foxsecur.ca\/fr_FR\/#\/schema\/logo\/image\/\"}}]}<\/script>\n<!-- \/ Yoast SEO plugin. -->","yoast_head_json":{"title":"D\u00e9g\u00e2ts d\u2019eau","description":"D\u00e9g\u00e2ts d\u2019eau\nQu\u2019il s\u2019agisse de votre r\u00e9sidence ou de votre entreprise, vous savez que les risques associ\u00e9s aux d\u00e9g\u00e2ts d\u2019eau caus\u00e9s par un tuyau, une toilette ou des \u00e9lectrom\u00e9nagers d\u00e9fectueux sont plus \u00e9lev\u00e9s que jamais! Une \u00e9tude command\u00e9e ...","robots":{"index":"index","follow":"follow","max-snippet":"max-snippet:-1","max-image-preview":"max-image-preview:large","max-video-preview":"max-video-preview:-1"},"canonical":"https:\/\/foxsecur.ca\/fr_FR\/services-3\/water-management\/","og_locale":"en_US","og_type":"article","og_title":"D\u00e9g\u00e2ts d\u2019eau","og_description":"D\u00e9g\u00e2ts d\u2019eau\nQu\u2019il s\u2019agisse de votre r\u00e9sidence ou de votre entreprise, vous savez que les risques associ\u00e9s aux d\u00e9g\u00e2ts d\u2019eau caus\u00e9s par un tuyau, une toilette ou des \u00e9lectrom\u00e9nagers d\u00e9fectueux sont plus \u00e9lev\u00e9s que jamais! Une \u00e9tude command\u00e9e ...","og_url":"https:\/\/foxsecur.ca\/fr_FR\/services-3\/water-management\/","og_site_name":"FoxSecur","article_modified_time":"2020-12-24T06:07:28+00:00","og_image":[{"width":902,"height":506,"url":"https:\/\/foxsecur.ca\/wp-content\/uploads\/2019\/03\/WaterL.jpg","type":"image\/jpeg"}],"twitter_card":"summary_large_image","twitter_misc":{"Est. reading time":"1 minute"},"schema":{"@context":"https:\/\/schema.org","@graph":[{"@type":"WebPage","@id":"https:\/\/foxsecur.ca\/fr_FR\/services-3\/water-management\/","url":"https:\/\/foxsecur.ca\/fr_FR\/services-3\/water-management\/","name":"D\u00e9g\u00e2ts d\u2019eau - FoxSecur","isPartOf":{"@id":"https:\/\/foxsecur.ca\/fr_FR\/#website"},"primaryImageOfPage":{"@id":"https:\/\/foxsecur.ca\/fr_FR\/services-3\/water-management\/#primaryimage"},"image":{"@id":"https:\/\/foxsecur.ca\/fr_FR\/services-3\/water-management\/#primaryimage"},"thumbnailUrl":"https:\/\/foxsecur.ca\/wp-content\/uploads\/2019\/03\/WaterL.jpg","datePublished":"2019-04-04T21:31:42+00:00","dateModified":"2020-12-24T06:07:28+00:00","breadcrumb":{"@id":"https:\/\/foxsecur.ca\/fr_FR\/services-3\/water-management\/#breadcrumb"},"inLanguage":"en-US","potentialAction":[{"@type":"ReadAction","target":["https:\/\/foxsecur.ca\/fr_FR\/services-3\/water-management\/"]}]},{"@type":"ImageObject","inLanguage":"en-US","@id":"https:\/\/foxsecur.ca\/fr_FR\/services-3\/water-management\/#primaryimage","url":"https:\/\/foxsecur.ca\/wp-content\/uploads\/2019\/03\/WaterL.jpg","contentUrl":"https:\/\/foxsecur.ca\/wp-content\/uploads\/2019\/03\/WaterL.jpg","width":902,"height":506},{"@type":"BreadcrumbList","@id":"https:\/\/foxsecur.ca\/fr_FR\/services-3\/water-management\/#breadcrumb","itemListElement":[{"@type":"ListItem","position":1,"name":"Home","item":"https:\/\/foxsecur.ca\/"},{"@type":"ListItem","position":2,"name":"SERVICES","item":"https:\/\/foxsecur.ca\/fr_FR\/services-3\/"},{"@type":"ListItem","position":3,"name":"D\u00e9g\u00e2ts d\u2019eau"}]},{"@type":"WebSite","@id":"https:\/\/foxsecur.ca\/fr_FR\/#website","url":"https:\/\/foxsecur.ca\/fr_FR\/","name":"FoxSecur","description":"Electronic Security Systems and Services","publisher":{"@id":"https:\/\/foxsecur.ca\/fr_FR\/#organization"},"potentialAction":[{"@type":"SearchAction","target":{"@type":"EntryPoint","urlTemplate":"https:\/\/foxsecur.ca\/fr_FR\/?s={search_term_string}"},"query-input":{"@type":"PropertyValueSpecification","valueRequired":true,"valueName":"search_term_string"}}],"inLanguage":"en-US"},{"@type":"Organization","@id":"https:\/\/foxsecur.ca\/fr_FR\/#organization","name":"Fox Secur","url":"https:\/\/foxsecur.ca\/fr_FR\/","logo":{"@type":"ImageObject","inLanguage":"en-US","@id":"https:\/\/foxsecur.ca\/fr_FR\/#\/schema\/logo\/image\/","url":"https:\/\/foxsecur.ca\/wp-content\/uploads\/2020\/04\/New-Fox-Logo-white-1.jpg","contentUrl":"https:\/\/foxsecur.ca\/wp-content\/uploads\/2020\/04\/New-Fox-Logo-white-1.jpg","width":194,"height":108,"caption":"Fox Secur"},"image":{"@id":"https:\/\/foxsecur.ca\/fr_FR\/#\/schema\/logo\/image\/"}}]}},"_links":{"self":[{"href":"https:\/\/foxsecur.ca\/fr_FR\/wp-json\/wp\/v2\/pages\/12818","targetHints":{"allow":["GET"]}}],"collection":[{"href":"https:\/\/foxsecur.ca\/fr_FR\/wp-json\/wp\/v2\/pages"}],"about":[{"href":"https:\/\/foxsecur.ca\/fr_FR\/wp-json\/wp\/v2\/types\/page"}],"author":[{"embeddable":true,"href":"https:\/\/foxsecur.ca\/fr_FR\/wp-json\/wp\/v2\/users\/4"}],"replies":[{"embeddable":true,"href":"https:\/\/foxsecur.ca\/fr_FR\/wp-json\/wp\/v2\/comments?post=12818"}],"version-history":[{"count":4,"href":"https:\/\/foxsecur.ca\/fr_FR\/wp-json\/wp\/v2\/pages\/12818\/revisions"}],"predecessor-version":[{"id":13094,"href":"https:\/\/foxsecur.ca\/fr_FR\/wp-json\/wp\/v2\/pages\/12818\/revisions\/13094"}],"up":[{"embeddable":true,"href":"https:\/\/foxsecur.ca\/fr_FR\/wp-json\/wp\/v2\/pages\/13046"}],"wp:featuredmedia":[{"embeddable":true,"href":"https:\/\/foxsecur.ca\/fr_FR\/wp-json\/wp\/v2\/media\/12714"}],"wp:attachment":[{"href":"https:\/\/foxsecur.ca\/fr_FR\/wp-json\/wp\/v2\/media?parent=12818"}],"curies":[{"name":"wp","href":"https:\/\/api.w.org\/{rel}","templated":true}]}}