{"id":2776,"date":"2013-01-21T19:10:06","date_gmt":"2013-01-21T19:10:06","guid":{"rendered":"https:\/\/avada.theme-fusion.com\/?page_id=2776"},"modified":"2026-02-13T01:49:10","modified_gmt":"2026-02-13T01:49:10","slug":"about","status":"publish","type":"page","link":"https:\/\/foxsecur.ca\/fr_FR\/about\/","title":{"rendered":"ABOUT US"},"content":{"rendered":"<div class=\"fusion-fullwidth fullwidth-box fusion-builder-row-1 nonhundred-percent-fullwidth non-hundred-percent-height-scrolling\" style=\"background-color: rgba(255,255,255,0);background-position: center center;background-repeat: no-repeat;padding-top:0px;padding-right:0px;padding-bottom:0px;padding-left:0px;margin-bottom: 0px;margin-top: 0px;border-width: 0px 0px 0px 0px;border-color:#eae9e9;border-style:solid;\" ><div class=\"fusion-builder-row fusion-row\"><div class=\"fusion-layout-column fusion_builder_column fusion-builder-column-0 fusion_builder_column_1_1 1_1 fusion-one-full fusion-column-first fusion-column-last\" style=\"margin-top:0px;margin-bottom:20px;\"><div class=\"fusion-column-wrapper fusion-flex-column-wrapper-legacy\" style=\"background-position:left top;background-repeat:no-repeat;-webkit-background-size:cover;-moz-background-size:cover;-o-background-size:cover;background-size:cover;padding: 0px 0px 0px 0px;\"><div class=\"fusion-text fusion-text-1\"><h1>\u00c0 propos de nous<\/h1>\n<p><span style=\"color: #999999;\">Hier, nous b\u00e2tissions l\u2019avenir!<\/span><\/p>\n<p data-start=\"267\" data-end=\"609\">Depuis plus de 30 ans, FoxSecur maintient le cap sur un objectif clair : offrir des solutions de s\u00e9curit\u00e9 fiables, performantes et accessibles. Nous collaborons avec des entreprises reconnues parmi les plus fiables de leur industrie afin de proposer des technologies de pointe en mati\u00e8re de protection r\u00e9sidentielle, commerciale et num\u00e9rique.<\/p>\n<p data-start=\"611\" data-end=\"863\">Notre mission est simple : prot\u00e9ger ce qui compte le plus pour nos clients. Qu\u2019il s\u2019agisse de r\u00e9sidences priv\u00e9es, de commerces ou d\u2019environnements professionnels exigeants, nous concevons des solutions adapt\u00e9es aux besoins r\u00e9els de chaque organisation.<\/p>\n<p data-start=\"865\" data-end=\"1079\">De l\u2019analyse initiale \u00e0 l\u2019installation compl\u00e8te, en passant par la formation et le service continu, notre \u00e9quipe assure une transition fluide vers des syst\u00e8mes de s\u00e9curit\u00e9 modernes, efficaces et faciles \u00e0 utiliser.<\/p>\n<p data-start=\"1081\" data-end=\"1193\">Notre approche repose sur trois principes fondamentaux :<br data-start=\"1137\" data-end=\"1140\" \/>\u2022 Fiabilit\u00e9<br data-start=\"1151\" data-end=\"1154\" \/>\u2022 Innovation<br data-start=\"1166\" data-end=\"1169\" \/>\u2022 Service personnalis\u00e9<\/p>\n<p data-start=\"1195\" data-end=\"1423\">Nous croyons qu\u2019une s\u00e9curit\u00e9 performante doit \u00eatre intelligente et intuitive. C\u2019est pourquoi nos solutions permettent un contr\u00f4le simple et rapide, directement \u00e0 partir de votre t\u00e9l\u00e9phone intelligent ou de vos syst\u00e8mes internes.<\/p>\n<p data-start=\"1425\" data-end=\"1583\">Nous vous invitons \u00e0 rencontrer notre \u00e9quipe afin de s\u00e9curiser sur mesure votre r\u00e9sidence ou votre entreprise avec les solutions les plus avanc\u00e9es de l\u2019heure.<\/p>\n<\/div><div class=\"fusion-clearfix\"><\/div><\/div><\/div><\/div><\/div>\n","protected":false},"excerpt":{"rendered":"<p>[fusion_builder_container hundred_percent=&#8221;no&#8221; hundred_percent_height=&#8221;no&#8221; hundred_percent_height_scroll=&#8221;no&#8221; hundred_percent_height_center_content=&#8221;yes&#8221; equal_height_columns=&#8221;no&#8221; menu_anchor=&#8221;&#8221; hide_on_mobile=&#8221;small-visibility,medium-visibility,larg&#8230;<\/p>\n","protected":false},"author":4,"featured_media":12744,"parent":0,"menu_order":0,"comment_status":"open","ping_status":"closed","template":"","meta":{"_acf_changed":false,"footnotes":""},"class_list":["post-2776","page","type-page","status-publish","has-post-thumbnail","hentry"],"acf":[],"yoast_head":"<!-- This site is optimized with the Yoast SEO plugin v24.5 - https:\/\/yoast.com\/wordpress\/plugins\/seo\/ -->\n<title>ABOUT US<\/title>\n<meta name=\"description\" content=\"[fusion_builder_container hundred_percent=&quot;no&quot; hundred_percent_height=&quot;no&quot; hundred_percent_height_scroll=&quot;no&quot; hundred_percent_height_center_content=&quot;yes&quot; equal_height_columns=&quot;no&quot; menu_anchor=&quot;&quot; hide_on_mobile=&quot;small-visibility,medium-visibility,larg...\" \/>\n<meta name=\"robots\" content=\"index, follow, max-snippet:-1, max-image-preview:large, max-video-preview:-1\" \/>\n<link rel=\"canonical\" href=\"https:\/\/foxsecur.ca\/about\/\" \/>\n<meta property=\"og:locale\" content=\"en_US\" \/>\n<meta property=\"og:type\" content=\"article\" \/>\n<meta property=\"og:title\" content=\"ABOUT US\" \/>\n<meta property=\"og:description\" content=\"[fusion_builder_container hundred_percent=&quot;no&quot; hundred_percent_height=&quot;no&quot; hundred_percent_height_scroll=&quot;no&quot; hundred_percent_height_center_content=&quot;yes&quot; equal_height_columns=&quot;no&quot; menu_anchor=&quot;&quot; hide_on_mobile=&quot;small-visibility,medium-visibility,larg...\" \/>\n<meta property=\"og:url\" content=\"https:\/\/foxsecur.ca\/about\/\" \/>\n<meta property=\"og:site_name\" content=\"FoxSecur\" \/>\n<meta property=\"article:modified_time\" content=\"2026-02-13T01:49:10+00:00\" \/>\n<meta property=\"og:image\" content=\"https:\/\/foxsecur.ca\/wp-content\/uploads\/2019\/03\/about-us-1.jpg\" \/>\n\t<meta property=\"og:image:width\" content=\"902\" \/>\n\t<meta property=\"og:image:height\" content=\"506\" \/>\n\t<meta property=\"og:image:type\" content=\"image\/jpeg\" \/>\n<meta name=\"twitter:card\" content=\"summary_large_image\" \/>\n<meta name=\"twitter:label1\" content=\"Est. reading time\" \/>\n\t<meta name=\"twitter:data1\" content=\"2 minutes\" \/>\n<script type=\"application\/ld+json\" class=\"yoast-schema-graph\">{\"@context\":\"https:\/\/schema.org\",\"@graph\":[{\"@type\":\"WebPage\",\"@id\":\"https:\/\/foxsecur.ca\/about\/\",\"url\":\"https:\/\/foxsecur.ca\/about\/\",\"name\":\"ABOUT US - FoxSecur\",\"isPartOf\":{\"@id\":\"https:\/\/foxsecur.ca\/fr_FR\/#website\"},\"primaryImageOfPage\":{\"@id\":\"https:\/\/foxsecur.ca\/about\/#primaryimage\"},\"image\":{\"@id\":\"https:\/\/foxsecur.ca\/about\/#primaryimage\"},\"thumbnailUrl\":\"https:\/\/foxsecur.ca\/wp-content\/uploads\/2019\/03\/about-us-1.jpg\",\"datePublished\":\"2013-01-21T19:10:06+00:00\",\"dateModified\":\"2026-02-13T01:49:10+00:00\",\"description\":\"Depuis plus de 30 ans, FoxSecur maintient le cap sur le m\u00eame objectif : fournir un acc\u00e8s abordable aux meilleures solutions de s\u00e9curit\u00e9.\",\"breadcrumb\":{\"@id\":\"https:\/\/foxsecur.ca\/about\/#breadcrumb\"},\"inLanguage\":\"en-US\",\"potentialAction\":[{\"@type\":\"ReadAction\",\"target\":[\"https:\/\/foxsecur.ca\/about\/\"]}]},{\"@type\":\"ImageObject\",\"inLanguage\":\"en-US\",\"@id\":\"https:\/\/foxsecur.ca\/about\/#primaryimage\",\"url\":\"https:\/\/foxsecur.ca\/wp-content\/uploads\/2019\/03\/about-us-1.jpg\",\"contentUrl\":\"https:\/\/foxsecur.ca\/wp-content\/uploads\/2019\/03\/about-us-1.jpg\",\"width\":902,\"height\":506},{\"@type\":\"BreadcrumbList\",\"@id\":\"https:\/\/foxsecur.ca\/about\/#breadcrumb\",\"itemListElement\":[{\"@type\":\"ListItem\",\"position\":1,\"name\":\"Home\",\"item\":\"https:\/\/foxsecur.ca\/\"},{\"@type\":\"ListItem\",\"position\":2,\"name\":\"ABOUT US\"}]},{\"@type\":\"WebSite\",\"@id\":\"https:\/\/foxsecur.ca\/fr_FR\/#website\",\"url\":\"https:\/\/foxsecur.ca\/fr_FR\/\",\"name\":\"FoxSecur\",\"description\":\"Electronic Security Systems and Services\",\"publisher\":{\"@id\":\"https:\/\/foxsecur.ca\/fr_FR\/#organization\"},\"potentialAction\":[{\"@type\":\"SearchAction\",\"target\":{\"@type\":\"EntryPoint\",\"urlTemplate\":\"https:\/\/foxsecur.ca\/fr_FR\/?s={search_term_string}\"},\"query-input\":{\"@type\":\"PropertyValueSpecification\",\"valueRequired\":true,\"valueName\":\"search_term_string\"}}],\"inLanguage\":\"en-US\"},{\"@type\":\"Organization\",\"@id\":\"https:\/\/foxsecur.ca\/fr_FR\/#organization\",\"name\":\"Fox Secur\",\"url\":\"https:\/\/foxsecur.ca\/fr_FR\/\",\"logo\":{\"@type\":\"ImageObject\",\"inLanguage\":\"en-US\",\"@id\":\"https:\/\/foxsecur.ca\/fr_FR\/#\/schema\/logo\/image\/\",\"url\":\"https:\/\/foxsecur.ca\/wp-content\/uploads\/2020\/04\/New-Fox-Logo-white-1.jpg\",\"contentUrl\":\"https:\/\/foxsecur.ca\/wp-content\/uploads\/2020\/04\/New-Fox-Logo-white-1.jpg\",\"width\":194,\"height\":108,\"caption\":\"Fox Secur\"},\"image\":{\"@id\":\"https:\/\/foxsecur.ca\/fr_FR\/#\/schema\/logo\/image\/\"}}]}<\/script>\n<!-- \/ Yoast SEO plugin. -->","yoast_head_json":{"title":"ABOUT US","description":"[fusion_builder_container hundred_percent=\"no\" hundred_percent_height=\"no\" hundred_percent_height_scroll=\"no\" hundred_percent_height_center_content=\"yes\" equal_height_columns=\"no\" menu_anchor=\"\" hide_on_mobile=\"small-visibility,medium-visibility,larg...","robots":{"index":"index","follow":"follow","max-snippet":"max-snippet:-1","max-image-preview":"max-image-preview:large","max-video-preview":"max-video-preview:-1"},"canonical":"https:\/\/foxsecur.ca\/about\/","og_locale":"en_US","og_type":"article","og_title":"ABOUT US","og_description":"[fusion_builder_container hundred_percent=\"no\" hundred_percent_height=\"no\" hundred_percent_height_scroll=\"no\" hundred_percent_height_center_content=\"yes\" equal_height_columns=\"no\" menu_anchor=\"\" hide_on_mobile=\"small-visibility,medium-visibility,larg...","og_url":"https:\/\/foxsecur.ca\/about\/","og_site_name":"FoxSecur","article_modified_time":"2026-02-13T01:49:10+00:00","og_image":[{"width":902,"height":506,"url":"https:\/\/foxsecur.ca\/wp-content\/uploads\/2019\/03\/about-us-1.jpg","type":"image\/jpeg"}],"twitter_card":"summary_large_image","twitter_misc":{"Est. reading time":"2 minutes"},"schema":{"@context":"https:\/\/schema.org","@graph":[{"@type":"WebPage","@id":"https:\/\/foxsecur.ca\/about\/","url":"https:\/\/foxsecur.ca\/about\/","name":"ABOUT US - FoxSecur","isPartOf":{"@id":"https:\/\/foxsecur.ca\/fr_FR\/#website"},"primaryImageOfPage":{"@id":"https:\/\/foxsecur.ca\/about\/#primaryimage"},"image":{"@id":"https:\/\/foxsecur.ca\/about\/#primaryimage"},"thumbnailUrl":"https:\/\/foxsecur.ca\/wp-content\/uploads\/2019\/03\/about-us-1.jpg","datePublished":"2013-01-21T19:10:06+00:00","dateModified":"2026-02-13T01:49:10+00:00","description":"Depuis plus de 30 ans, FoxSecur maintient le cap sur le m\u00eame objectif : fournir un acc\u00e8s abordable aux meilleures solutions de s\u00e9curit\u00e9.","breadcrumb":{"@id":"https:\/\/foxsecur.ca\/about\/#breadcrumb"},"inLanguage":"en-US","potentialAction":[{"@type":"ReadAction","target":["https:\/\/foxsecur.ca\/about\/"]}]},{"@type":"ImageObject","inLanguage":"en-US","@id":"https:\/\/foxsecur.ca\/about\/#primaryimage","url":"https:\/\/foxsecur.ca\/wp-content\/uploads\/2019\/03\/about-us-1.jpg","contentUrl":"https:\/\/foxsecur.ca\/wp-content\/uploads\/2019\/03\/about-us-1.jpg","width":902,"height":506},{"@type":"BreadcrumbList","@id":"https:\/\/foxsecur.ca\/about\/#breadcrumb","itemListElement":[{"@type":"ListItem","position":1,"name":"Home","item":"https:\/\/foxsecur.ca\/"},{"@type":"ListItem","position":2,"name":"ABOUT US"}]},{"@type":"WebSite","@id":"https:\/\/foxsecur.ca\/fr_FR\/#website","url":"https:\/\/foxsecur.ca\/fr_FR\/","name":"FoxSecur","description":"Electronic Security Systems and Services","publisher":{"@id":"https:\/\/foxsecur.ca\/fr_FR\/#organization"},"potentialAction":[{"@type":"SearchAction","target":{"@type":"EntryPoint","urlTemplate":"https:\/\/foxsecur.ca\/fr_FR\/?s={search_term_string}"},"query-input":{"@type":"PropertyValueSpecification","valueRequired":true,"valueName":"search_term_string"}}],"inLanguage":"en-US"},{"@type":"Organization","@id":"https:\/\/foxsecur.ca\/fr_FR\/#organization","name":"Fox Secur","url":"https:\/\/foxsecur.ca\/fr_FR\/","logo":{"@type":"ImageObject","inLanguage":"en-US","@id":"https:\/\/foxsecur.ca\/fr_FR\/#\/schema\/logo\/image\/","url":"https:\/\/foxsecur.ca\/wp-content\/uploads\/2020\/04\/New-Fox-Logo-white-1.jpg","contentUrl":"https:\/\/foxsecur.ca\/wp-content\/uploads\/2020\/04\/New-Fox-Logo-white-1.jpg","width":194,"height":108,"caption":"Fox Secur"},"image":{"@id":"https:\/\/foxsecur.ca\/fr_FR\/#\/schema\/logo\/image\/"}}]}},"_links":{"self":[{"href":"https:\/\/foxsecur.ca\/fr_FR\/wp-json\/wp\/v2\/pages\/2776","targetHints":{"allow":["GET"]}}],"collection":[{"href":"https:\/\/foxsecur.ca\/fr_FR\/wp-json\/wp\/v2\/pages"}],"about":[{"href":"https:\/\/foxsecur.ca\/fr_FR\/wp-json\/wp\/v2\/types\/page"}],"author":[{"embeddable":true,"href":"https:\/\/foxsecur.ca\/fr_FR\/wp-json\/wp\/v2\/users\/4"}],"replies":[{"embeddable":true,"href":"https:\/\/foxsecur.ca\/fr_FR\/wp-json\/wp\/v2\/comments?post=2776"}],"version-history":[{"count":26,"href":"https:\/\/foxsecur.ca\/fr_FR\/wp-json\/wp\/v2\/pages\/2776\/revisions"}],"predecessor-version":[{"id":21523,"href":"https:\/\/foxsecur.ca\/fr_FR\/wp-json\/wp\/v2\/pages\/2776\/revisions\/21523"}],"wp:featuredmedia":[{"embeddable":true,"href":"https:\/\/foxsecur.ca\/fr_FR\/wp-json\/wp\/v2\/media\/12744"}],"wp:attachment":[{"href":"https:\/\/foxsecur.ca\/fr_FR\/wp-json\/wp\/v2\/media?parent=2776"}],"curies":[{"name":"wp","href":"https:\/\/api.w.org\/{rel}","templated":true}]}}