{"id":3698,"date":"2013-05-24T20:06:42","date_gmt":"2013-05-24T20:06:42","guid":{"rendered":"http:\/\/avada.theme-fusion.comxml\/?page_id=3698"},"modified":"2026-02-11T18:06:35","modified_gmt":"2026-02-11T18:06:35","slug":"timeline","status":"publish","type":"page","link":"https:\/\/foxsecur.ca\/fr_FR\/timeline\/","title":{"rendered":"BLOG"},"content":{"rendered":"<div class=\"fusion-fullwidth fullwidth-box fusion-builder-row-1 hundred-percent-fullwidth non-hundred-percent-height-scrolling\" style=\"background-color: rgba(255,255,255,0);background-position: center center;background-repeat: no-repeat;padding-top:0px;padding-right:0px;padding-bottom:0px;padding-left:0px;margin-bottom: 0px;margin-top: 0px;border-width: 0px 0px 0px 0px;border-color:#eae9e9;border-style:solid;\" ><div class=\"fusion-builder-row fusion-row\"><div class=\"fusion-layout-column fusion_builder_column fusion-builder-column-0 fusion_builder_column_1_1 1_1 fusion-one-full fusion-column-first fusion-column-last fusion-column-no-min-height\" style=\"margin-top:0px;margin-bottom:0px;\"><div class=\"fusion-column-wrapper fusion-flex-column-wrapper-legacy\" style=\"background-position:left top;background-repeat:no-repeat;-webkit-background-size:cover;-moz-background-size:cover;-o-background-size:cover;background-size:cover;padding: 0px 0px 0px 0px;\"><div class=\"fusion-blog-shortcode fusion-blog-shortcode-1 fusion-blog-archive fusion-blog-layout-timeline-wrapper fusion-blog-infinite\"><div class=\"fusion-posts-container fusion-posts-container-infinite fusion-blog-rollover\" data-pages=\"1\"><div class=\"fusion-timeline-icon\"><i class=\"awb-icon-bubbles\" style=\"color:#ebeaea;\" aria-hidden=\"true\"><\/i><\/div><div class=\"fusion-blog-layout-timeline fusion-clearfix\"><div class=\"fusion-timeline-line\" style=\"border-left:1px solid #ebeaea;border-right:1px solid #ebeaea;\"><\/div><h3 class=\"fusion-timeline-date\" style=\"background-color:#ebeaea;\">June 2019<\/h3><div class=\"fusion-collapse-month\"><article id=\"blog-1-post-12952\" style=\"border-color:#ebeaea;\" class=\"fusion-post-timeline fusion-clearfix fusion-left-column post-12952 post type-post status-publish format-standard has-post-thumbnail hentry category-blog tag-blogue\">\n<div class=\"fusion-post-wrapper\" style=\"background-color:rgba(255,255,255,0);\">\n\n\t\t\t<div class=\"fusion-flexslider flexslider fusion-flexslider-loading fusion-post-slideshow\" style=\"border-color:#ebeaea;\">\n\t\t<ul class=\"slides\">\n\t\t\t\n\t\t\t\t\t\t\t\t\t\t\t\t\t\t<li><div  class=\"fusion-image-wrapper\" aria-haspopup=\"true\">\n\t\t\t\t<img decoding=\"async\" width=\"700\" height=\"500\" src=\"https:\/\/foxsecur.ca\/wp-content\/uploads\/2019\/05\/012.jpg\" class=\"attachment-full size-full wp-post-image\" alt=\"\" srcset=\"https:\/\/foxsecur.ca\/wp-content\/uploads\/2019\/05\/012-200x143.jpg 200w, https:\/\/foxsecur.ca\/wp-content\/uploads\/2019\/05\/012-400x286.jpg 400w, https:\/\/foxsecur.ca\/wp-content\/uploads\/2019\/05\/012-600x429.jpg 600w, https:\/\/foxsecur.ca\/wp-content\/uploads\/2019\/05\/012.jpg 700w\" sizes=\"(max-width: 800px) 100vw, 40vw\" \/><div class=\"fusion-rollover\">\n\t<div class=\"fusion-rollover-content\">\n\n\t\t\t\t\t\t\t\t\t\t\t\t\t\t<a class=\"fusion-rollover-link\" href=\"https:\/\/foxsecur.ca\/fr_FR\/almost-50-of-home-insurance-claims-are-water-related\/\">Pr\u00e8s de 50 % des r\u00e9clamations d\u2019assurance sont reli\u00e9es \u00e0 l\u2019eau<\/a>\n\t\t\t\n\t\t\t\t\t\t\t\t\t\t\t\t\t\t\n\t\t\t\t\t\t\t\t\n\t\t\t\t\t\t\t\t\t\t\t\t\t<div class=\"fusion-rollover-sep\"><\/div>\n\t\t\t\t\n\t\t\t\t\t\t\t\t\t\t\t\t\t\t\t\t\t\t<a class=\"fusion-rollover-gallery\" href=\"https:\/\/foxsecur.ca\/wp-content\/uploads\/2019\/05\/012.jpg\" data-id=\"12952\" data-rel=\"iLightbox[gallery]\" data-title=\"012\" data-caption=\"\">\n\t\t\t\t\t\tGallery\t\t\t\t\t<\/a>\n\t\t\t\t\t\t\t\t\t\t\t\t\t\t\n\t\t\n\t\t\t\t\t\t\t\t\t\t\t\t<h4 class=\"fusion-rollover-title\">\n\t\t\t\t\t<a class=\"fusion-rollover-title-link\" href=\"https:\/\/foxsecur.ca\/fr_FR\/almost-50-of-home-insurance-claims-are-water-related\/\">\n\t\t\t\t\t\tPr\u00e8s de 50 % des r\u00e9clamations d\u2019assurance sont reli\u00e9es \u00e0 l\u2019eau\t\t\t\t\t<\/a>\n\t\t\t\t<\/h4>\n\t\t\t\n\t\t\t\t\t\t\t\t\t\t<div class=\"fusion-rollover-categories\"><a href=\"https:\/\/foxsecur.ca\/fr_FR\/blog\/\" rel=\"tag\">Blog<\/a><\/div>\t\t\t\t\t\n\t\t\n\t\t\t\t\t\t<a class=\"fusion-link-wrapper\" href=\"https:\/\/foxsecur.ca\/fr_FR\/almost-50-of-home-insurance-claims-are-water-related\/\" aria-label=\"Pr\u00e8s de 50 % des r\u00e9clamations d\u2019assurance sont reli\u00e9es \u00e0 l\u2019eau\"><\/a>\n\t<\/div>\n<\/div>\n<\/div>\n<\/li>\n\t\t\t\n\t\t\t\n\t\t\t\t\t\t\t\t\t\t\t\t\t\t\t\t\t\t\t\t\t\t\t\t\t\t\t\t\t\t\t\t\t\t\t\t\t\t\t\t\t\t\t\t\t\t\t\t\t\t\t\t\t\t\t\t\t\t\t\t\t\t\t\t\t\t\t\t<\/ul>\n\t<\/div>\n\t<div class=\"fusion-post-content-wrapper\" style=\"padding:30px 25px 20px 25px;\"><div class=\"fusion-post-content post-content\"><div class=\"fusion-timeline-circle\" style=\"background-color:#ebeaea;\"><\/div><div class=\"fusion-timeline-arrow\" style=\"color:#ebeaea;\"><\/div><h2 class=\"blog-shortcode-post-title entry-title\"><a href=\"https:\/\/foxsecur.ca\/fr_FR\/almost-50-of-home-insurance-claims-are-water-related\/\">Pr\u00e8s de 50 % des r\u00e9clamations d\u2019assurance sont reli\u00e9es \u00e0 l\u2019eau<\/a><\/h2><p class=\"fusion-single-line-meta\"><span class=\"vcard\" style=\"display: none;\"><span class=\"fn\"><a href=\"https:\/\/foxsecur.ca\/fr_FR\/author\/marcsehrbrock-ca\/\" title=\"Posts by Marc\" rel=\"author\">Marc<\/a><\/span><\/span><span class=\"updated\" style=\"display:none;\">2020-09-18T04:27:32+00:00<\/span><span class=\"meta-tags\">Tags: <a href=\"https:\/\/foxsecur.ca\/fr_FR\/tag\/blogue\/\" rel=\"tag\">blogue<\/a><\/span><span class=\"fusion-inline-sep\">|<\/span><\/p><div class=\"fusion-content-sep sep-double sep-solid\" style=\"border-color:#ebeaea;\"><\/div><div class=\"fusion-post-content-container\"><p><\/p><h1>Pr\u00e8s de 50\u00a0% des r\u00e9clamations d\u2019assurance sont reli\u00e9es \u00e0 l\u2019eau<\/h1>\r\n<h2>4 r\u00e9clamations sur 10 concernent des d\u00e9g\u00e2ts d\u2019eau en g\u00e9n\u00e9ral 3 sur 10 sont attribuables \u00e0 une inondation 2 sur 10 sont attribuables \u00e0 un refoulement d\u2019\u00e9gout 1 sur 10 est att...<\/h2><\/div><\/div><\/div><div class=\"fusion-clearfix\"><\/div><\/div>\n<\/article>\n<article id=\"blog-1-post-12946\" style=\"border-color:#ebeaea;\" class=\"fusion-post-timeline fusion-clearfix fusion-right-column post-12946 post type-post status-publish format-standard has-post-thumbnail hentry category-blog\">\n<div class=\"fusion-post-wrapper\" style=\"background-color:rgba(255,255,255,0);\">\n\n\t\t\t<div class=\"fusion-flexslider flexslider fusion-flexslider-loading fusion-post-slideshow\" style=\"border-color:#ebeaea;\">\n\t\t<ul class=\"slides\">\n\t\t\t\n\t\t\t\t\t\t\t\t\t\t\t\t\t\t<li><div  class=\"fusion-image-wrapper\" aria-haspopup=\"true\">\n\t\t\t\t<img decoding=\"async\" width=\"700\" height=\"500\" src=\"https:\/\/foxsecur.ca\/wp-content\/uploads\/2019\/06\/BlogWellness.jpg\" class=\"attachment-full size-full wp-post-image\" alt=\"\" srcset=\"https:\/\/foxsecur.ca\/wp-content\/uploads\/2019\/06\/BlogWellness-200x143.jpg 200w, https:\/\/foxsecur.ca\/wp-content\/uploads\/2019\/06\/BlogWellness-400x286.jpg 400w, https:\/\/foxsecur.ca\/wp-content\/uploads\/2019\/06\/BlogWellness-600x429.jpg 600w, https:\/\/foxsecur.ca\/wp-content\/uploads\/2019\/06\/BlogWellness.jpg 700w\" sizes=\"(max-width: 800px) 100vw, 40vw\" \/><div class=\"fusion-rollover\">\n\t<div class=\"fusion-rollover-content\">\n\n\t\t\t\t\t\t\t\t\t\t\t\t\t\t<a class=\"fusion-rollover-link\" href=\"https:\/\/foxsecur.ca\/fr_FR\/quebecs-eldercare-challenge-a-crisis-comes-of-age\/\">La proportion des personnes \u00e2g\u00e9es de plus de 65 ans dans la population de la province est en augmentation constante. Cette tendance promet de s\u2019accentuer avec les ann\u00e9es.<\/a>\n\t\t\t\n\t\t\t\t\t\t\t\t\t\t\t\t\t\t\n\t\t\t\t\t\t\t\t\n\t\t\t\t\t\t\t\t\t\t\t\t\t<div class=\"fusion-rollover-sep\"><\/div>\n\t\t\t\t\n\t\t\t\t\t\t\t\t\t\t\t\t\t\t\t\t\t\t<a class=\"fusion-rollover-gallery\" href=\"https:\/\/foxsecur.ca\/wp-content\/uploads\/2019\/06\/BlogWellness.jpg\" data-id=\"12946\" data-rel=\"iLightbox[gallery]\" data-title=\"BlogWellness\" data-caption=\"\">\n\t\t\t\t\t\tGallery\t\t\t\t\t<\/a>\n\t\t\t\t\t\t\t\t\t\t\t\t\t\t\n\t\t\n\t\t\t\t\t\t\t\t\t\t\t\t<h4 class=\"fusion-rollover-title\">\n\t\t\t\t\t<a class=\"fusion-rollover-title-link\" href=\"https:\/\/foxsecur.ca\/fr_FR\/quebecs-eldercare-challenge-a-crisis-comes-of-age\/\">\n\t\t\t\t\t\tLa proportion des personnes \u00e2g\u00e9es de plus de 65 ans dans la population de la province est en augmentation constante. Cette tendance promet de s\u2019accentuer avec les ann\u00e9es.\t\t\t\t\t<\/a>\n\t\t\t\t<\/h4>\n\t\t\t\n\t\t\t\t\t\t\t\t\t\t<div class=\"fusion-rollover-categories\"><a href=\"https:\/\/foxsecur.ca\/fr_FR\/blog\/\" rel=\"tag\">Blog<\/a><\/div>\t\t\t\t\t\n\t\t\n\t\t\t\t\t\t<a class=\"fusion-link-wrapper\" href=\"https:\/\/foxsecur.ca\/fr_FR\/quebecs-eldercare-challenge-a-crisis-comes-of-age\/\" aria-label=\"La proportion des personnes \u00e2g\u00e9es de plus de 65 ans dans la population de la province est en augmentation constante. Cette tendance promet de s\u2019accentuer avec les ann\u00e9es.\"><\/a>\n\t<\/div>\n<\/div>\n<\/div>\n<\/li>\n\t\t\t\n\t\t\t\n\t\t\t\t\t\t\t\t\t\t\t\t\t\t\t\t\t\t\t\t\t\t\t\t\t\t\t\t\t\t\t\t\t\t\t\t\t\t\t\t\t\t\t\t\t\t\t\t\t\t\t\t\t\t\t\t\t\t\t\t\t\t\t\t\t\t\t\t<\/ul>\n\t<\/div>\n\t<div class=\"fusion-post-content-wrapper\" style=\"padding:30px 25px 20px 25px;\"><div class=\"fusion-post-content post-content\"><div class=\"fusion-timeline-circle\" style=\"background-color:#ebeaea;\"><\/div><div class=\"fusion-timeline-arrow\" style=\"color:#ebeaea;\"><\/div><h2 class=\"blog-shortcode-post-title entry-title\"><a href=\"https:\/\/foxsecur.ca\/fr_FR\/quebecs-eldercare-challenge-a-crisis-comes-of-age\/\">La proportion des personnes \u00e2g\u00e9es de plus de 65 ans dans la population de la province est en augmentation constante. Cette tendance promet de s\u2019accentuer avec les ann\u00e9es.<\/a><\/h2><span class=\"vcard\" style=\"display: none;\"><span class=\"fn\"><a href=\"https:\/\/foxsecur.ca\/fr_FR\/author\/marcsehrbrock-ca\/\" title=\"Posts by Marc\" rel=\"author\">Marc<\/a><\/span><\/span><span class=\"updated\" style=\"display:none;\">2020-09-17T13:18:00+00:00<\/span><div class=\"fusion-content-sep sep-double sep-solid\" style=\"border-color:#ebeaea;\"><\/div><div class=\"fusion-post-content-container\"><p><\/p><h1>La proportion des personnes \u00e2g\u00e9es de plus de 65\u00a0ans dans la population de la province est en augmentation constante. Cette tendance promet de s\u2019accentuer avec les ann\u00e9es.<\/h1><p><img decoding=\"async\" class=\"aligncenter wp-image-12975 size-full\" src=\"http:\/\/foxsec...&lt;\/p&gt;&lt;\/body&gt;&lt;\/html&gt;\"><\/p><\/div><\/div><\/div><div class=\"fusion-clearfix\"><\/div><\/div>\n<\/article>\n<\/div><h3 class=\"fusion-timeline-date\" style=\"background-color:#ebeaea;\">May 2019<\/h3><div class=\"fusion-collapse-month\"><article id=\"blog-1-post-12943\" style=\"border-color:#ebeaea;\" class=\"fusion-post-timeline fusion-clearfix fusion-left-column post-12943 post type-post status-publish format-standard has-post-thumbnail hentry category-blog\">\n<div class=\"fusion-post-wrapper\" style=\"background-color:rgba(255,255,255,0);\">\n\n\t\t\t<div class=\"fusion-flexslider flexslider fusion-flexslider-loading fusion-post-slideshow\" style=\"border-color:#ebeaea;\">\n\t\t<ul class=\"slides\">\n\t\t\t\n\t\t\t\t\t\t\t\t\t\t\t\t\t\t<li><div  class=\"fusion-image-wrapper\" aria-haspopup=\"true\">\n\t\t\t\t<img decoding=\"async\" width=\"700\" height=\"500\" src=\"https:\/\/foxsecur.ca\/wp-content\/uploads\/2019\/06\/BlogFire.jpg\" class=\"attachment-full size-full wp-post-image\" alt=\"\" srcset=\"https:\/\/foxsecur.ca\/wp-content\/uploads\/2019\/06\/BlogFire-200x143.jpg 200w, https:\/\/foxsecur.ca\/wp-content\/uploads\/2019\/06\/BlogFire-400x286.jpg 400w, https:\/\/foxsecur.ca\/wp-content\/uploads\/2019\/06\/BlogFire-600x429.jpg 600w, https:\/\/foxsecur.ca\/wp-content\/uploads\/2019\/06\/BlogFire.jpg 700w\" sizes=\"(max-width: 800px) 100vw, 40vw\" \/><div class=\"fusion-rollover\">\n\t<div class=\"fusion-rollover-content\">\n\n\t\t\t\t\t\t\t\t\t\t\t\t\t\t<a class=\"fusion-rollover-link\" href=\"https:\/\/foxsecur.ca\/fr_FR\/fire\/\">Incendie<\/a>\n\t\t\t\n\t\t\t\t\t\t\t\t\t\t\t\t\t\t\n\t\t\t\t\t\t\t\t\n\t\t\t\t\t\t\t\t\t\t\t\t\t<div class=\"fusion-rollover-sep\"><\/div>\n\t\t\t\t\n\t\t\t\t\t\t\t\t\t\t\t\t\t\t\t\t\t\t<a class=\"fusion-rollover-gallery\" href=\"https:\/\/foxsecur.ca\/wp-content\/uploads\/2019\/06\/BlogFire.jpg\" data-id=\"12943\" data-rel=\"iLightbox[gallery]\" data-title=\"Fire\" data-caption=\"\">\n\t\t\t\t\t\tGallery\t\t\t\t\t<\/a>\n\t\t\t\t\t\t\t\t\t\t\t\t\t\t\n\t\t\n\t\t\t\t\t\t\t\t\t\t\t\t<h4 class=\"fusion-rollover-title\">\n\t\t\t\t\t<a class=\"fusion-rollover-title-link\" href=\"https:\/\/foxsecur.ca\/fr_FR\/fire\/\">\n\t\t\t\t\t\tIncendie\t\t\t\t\t<\/a>\n\t\t\t\t<\/h4>\n\t\t\t\n\t\t\t\t\t\t\t\t\t\t<div class=\"fusion-rollover-categories\"><a href=\"https:\/\/foxsecur.ca\/fr_FR\/blog\/\" rel=\"tag\">Blog<\/a><\/div>\t\t\t\t\t\n\t\t\n\t\t\t\t\t\t<a class=\"fusion-link-wrapper\" href=\"https:\/\/foxsecur.ca\/fr_FR\/fire\/\" aria-label=\"Incendie\"><\/a>\n\t<\/div>\n<\/div>\n<\/div>\n<\/li>\n\t\t\t\n\t\t\t\n\t\t\t\t\t\t\t\t\t\t\t\t\t\t\t\t\t\t\t\t\t\t\t\t\t\t\t\t\t\t\t\t\t\t\t\t\t\t\t\t\t\t\t\t\t\t\t\t\t\t\t\t\t\t\t\t\t\t\t\t\t\t\t\t\t\t\t\t<\/ul>\n\t<\/div>\n\t<div class=\"fusion-post-content-wrapper\" style=\"padding:30px 25px 20px 25px;\"><div class=\"fusion-post-content post-content\"><div class=\"fusion-timeline-circle\" style=\"background-color:#ebeaea;\"><\/div><div class=\"fusion-timeline-arrow\" style=\"color:#ebeaea;\"><\/div><h2 class=\"blog-shortcode-post-title entry-title\"><a href=\"https:\/\/foxsecur.ca\/fr_FR\/fire\/\">Incendie<\/a><\/h2><span class=\"vcard\" style=\"display: none;\"><span class=\"fn\"><a href=\"https:\/\/foxsecur.ca\/fr_FR\/author\/marcsehrbrock-ca\/\" title=\"Posts by Marc\" rel=\"author\">Marc<\/a><\/span><\/span><span class=\"updated\" style=\"display:none;\">2020-09-18T04:27:44+00:00<\/span><div class=\"fusion-content-sep sep-double sep-solid\" style=\"border-color:#ebeaea;\"><\/div><div class=\"fusion-post-content-container\"><p><\/p><ul>\r\n \t<li>\r\n<h2>Entre 2012 et 2016, 74\u00a0% des foyers se sont \u00e9quip\u00e9s d\u2019un d\u00e9tecteur de fum\u00e9e<\/h2>\r\n<h2><\/h2>\r\n<\/li>\r\n \t<li>\r\n<h2>53\u00a0% de ceux-ci ont d\u00e9clench\u00e9 une alerte<\/h2>\r\n<h2><\/h2>\r\n<\/li>\r\n \t<li>\r\n<h2>Dans 60\u00a0% des cas de mortalit\u00e9 pour cause d...<\/h2><\/li><\/ul><\/div><\/div><\/div><div class=\"fusion-clearfix\"><\/div><\/div>\n<\/article>\n<\/div><\/div><\/div><\/div><div class=\"fusion-clearfix\"><\/div><\/div><\/div><\/div><style type=\"text\/css\">.fusion-fullwidth.fusion-builder-row-1 { overflow:visible; }<\/style><\/div>\n","protected":false},"excerpt":{"rendered":"<ul>\n<li>\n<h2>Entre 2012 et 2016, 74\u00a0% des foyers se sont \u00e9quip\u00e9s d\u2019un d\u00e9tecteur de fum\u00e9e<\/h2>\n<h2><\/h2>\n<\/li>\n<li>\n<h2>53\u00a0% de ceux-ci ont d\u00e9clench\u00e9 une alerte<\/h2>\n<h2><\/h2>\n<\/li>\n<li>\n<h2>Dans 60\u00a0% des cas de mortalit\u00e9 pour cause d&#8230;<\/p>\n","protected":false},"author":4,"featured_media":0,"parent":0,"menu_order":0,"comment_status":"open","ping_status":"closed","template":"","meta":{"_acf_changed":false,"footnotes":""},"class_list":["post-3698","page","type-page","status-publish","hentry"],"acf":[],"yoast_head":"<!-- This site is optimized with the Yoast SEO plugin v24.5 - https:\/\/yoast.com\/wordpress\/plugins\/seo\/ -->\n<title>Incendie<\/title>\n<meta name=\"description\" content=\"Entre 2012 et 2016, 74\u00a0% des foyers se sont \u00e9quip\u00e9s d\u2019un d\u00e9tecteur de fum\u00e9e\r\n\r\n\r\n \t\r\n53\u00a0% de ceux-ci ont d\u00e9clench\u00e9 une alerte\r\n\r\n\r\n \t\r\nDans 60\u00a0% des cas de mortalit\u00e9 pour cause d...\" \/>\n<meta name=\"robots\" content=\"index, follow, max-snippet:-1, max-image-preview:large, max-video-preview:-1\" \/>\n<link rel=\"canonical\" href=\"https:\/\/foxsecur.ca\/timeline\/\" \/>\n<meta property=\"og:locale\" content=\"en_US\" \/>\n<meta property=\"og:type\" content=\"article\" \/>\n<meta property=\"og:title\" content=\"Incendie\" \/>\n<meta property=\"og:description\" content=\"Entre 2012 et 2016, 74\u00a0% des foyers se sont \u00e9quip\u00e9s d\u2019un d\u00e9tecteur de fum\u00e9e\r\n\r\n\r\n \t\r\n53\u00a0% de ceux-ci ont d\u00e9clench\u00e9 une alerte\r\n\r\n\r\n \t\r\nDans 60\u00a0% des cas de mortalit\u00e9 pour cause d...\" \/>\n<meta property=\"og:url\" content=\"https:\/\/foxsecur.ca\/timeline\/\" \/>\n<meta property=\"og:site_name\" content=\"FoxSecur\" \/>\n<meta property=\"article:modified_time\" content=\"2026-02-11T18:06:35+00:00\" \/>\n<meta name=\"twitter:card\" content=\"summary_large_image\" \/>\n<meta name=\"twitter:label1\" content=\"Est. reading time\" \/>\n\t<meta name=\"twitter:data1\" content=\"1 minute\" \/>\n<script type=\"application\/ld+json\" class=\"yoast-schema-graph\">{\"@context\":\"https:\/\/schema.org\",\"@graph\":[{\"@type\":\"WebPage\",\"@id\":\"https:\/\/foxsecur.ca\/timeline\/\",\"url\":\"https:\/\/foxsecur.ca\/timeline\/\",\"name\":\"BLOG - FoxSecur\",\"isPartOf\":{\"@id\":\"https:\/\/foxsecur.ca\/fr_FR\/#website\"},\"datePublished\":\"2013-05-24T20:06:42+00:00\",\"dateModified\":\"2026-02-11T18:06:35+00:00\",\"breadcrumb\":{\"@id\":\"https:\/\/foxsecur.ca\/timeline\/#breadcrumb\"},\"inLanguage\":\"en-US\",\"potentialAction\":[{\"@type\":\"ReadAction\",\"target\":[\"https:\/\/foxsecur.ca\/timeline\/\"]}]},{\"@type\":\"BreadcrumbList\",\"@id\":\"https:\/\/foxsecur.ca\/timeline\/#breadcrumb\",\"itemListElement\":[{\"@type\":\"ListItem\",\"position\":1,\"name\":\"Home\",\"item\":\"https:\/\/foxsecur.ca\/\"},{\"@type\":\"ListItem\",\"position\":2,\"name\":\"BLOG\"}]},{\"@type\":\"WebSite\",\"@id\":\"https:\/\/foxsecur.ca\/fr_FR\/#website\",\"url\":\"https:\/\/foxsecur.ca\/fr_FR\/\",\"name\":\"FoxSecur\",\"description\":\"Electronic Security Systems and Services\",\"publisher\":{\"@id\":\"https:\/\/foxsecur.ca\/fr_FR\/#organization\"},\"potentialAction\":[{\"@type\":\"SearchAction\",\"target\":{\"@type\":\"EntryPoint\",\"urlTemplate\":\"https:\/\/foxsecur.ca\/fr_FR\/?s={search_term_string}\"},\"query-input\":{\"@type\":\"PropertyValueSpecification\",\"valueRequired\":true,\"valueName\":\"search_term_string\"}}],\"inLanguage\":\"en-US\"},{\"@type\":\"Organization\",\"@id\":\"https:\/\/foxsecur.ca\/fr_FR\/#organization\",\"name\":\"Fox Secur\",\"url\":\"https:\/\/foxsecur.ca\/fr_FR\/\",\"logo\":{\"@type\":\"ImageObject\",\"inLanguage\":\"en-US\",\"@id\":\"https:\/\/foxsecur.ca\/fr_FR\/#\/schema\/logo\/image\/\",\"url\":\"https:\/\/foxsecur.ca\/wp-content\/uploads\/2020\/04\/New-Fox-Logo-white-1.jpg\",\"contentUrl\":\"https:\/\/foxsecur.ca\/wp-content\/uploads\/2020\/04\/New-Fox-Logo-white-1.jpg\",\"width\":194,\"height\":108,\"caption\":\"Fox Secur\"},\"image\":{\"@id\":\"https:\/\/foxsecur.ca\/fr_FR\/#\/schema\/logo\/image\/\"}}]}<\/script>\n<!-- \/ Yoast SEO plugin. -->","yoast_head_json":{"title":"Incendie","description":"Entre 2012 et 2016, 74\u00a0% des foyers se sont \u00e9quip\u00e9s d\u2019un d\u00e9tecteur de fum\u00e9e\r\n\r\n\r\n \t\r\n53\u00a0% de ceux-ci ont d\u00e9clench\u00e9 une alerte\r\n\r\n\r\n \t\r\nDans 60\u00a0% des cas de mortalit\u00e9 pour cause d...","robots":{"index":"index","follow":"follow","max-snippet":"max-snippet:-1","max-image-preview":"max-image-preview:large","max-video-preview":"max-video-preview:-1"},"canonical":"https:\/\/foxsecur.ca\/timeline\/","og_locale":"en_US","og_type":"article","og_title":"Incendie","og_description":"Entre 2012 et 2016, 74\u00a0% des foyers se sont \u00e9quip\u00e9s d\u2019un d\u00e9tecteur de fum\u00e9e\r\n\r\n\r\n \t\r\n53\u00a0% de ceux-ci ont d\u00e9clench\u00e9 une alerte\r\n\r\n\r\n \t\r\nDans 60\u00a0% des cas de mortalit\u00e9 pour cause d...","og_url":"https:\/\/foxsecur.ca\/timeline\/","og_site_name":"FoxSecur","article_modified_time":"2026-02-11T18:06:35+00:00","twitter_card":"summary_large_image","twitter_misc":{"Est. reading time":"1 minute"},"schema":{"@context":"https:\/\/schema.org","@graph":[{"@type":"WebPage","@id":"https:\/\/foxsecur.ca\/timeline\/","url":"https:\/\/foxsecur.ca\/timeline\/","name":"BLOG - FoxSecur","isPartOf":{"@id":"https:\/\/foxsecur.ca\/fr_FR\/#website"},"datePublished":"2013-05-24T20:06:42+00:00","dateModified":"2026-02-11T18:06:35+00:00","breadcrumb":{"@id":"https:\/\/foxsecur.ca\/timeline\/#breadcrumb"},"inLanguage":"en-US","potentialAction":[{"@type":"ReadAction","target":["https:\/\/foxsecur.ca\/timeline\/"]}]},{"@type":"BreadcrumbList","@id":"https:\/\/foxsecur.ca\/timeline\/#breadcrumb","itemListElement":[{"@type":"ListItem","position":1,"name":"Home","item":"https:\/\/foxsecur.ca\/"},{"@type":"ListItem","position":2,"name":"BLOG"}]},{"@type":"WebSite","@id":"https:\/\/foxsecur.ca\/fr_FR\/#website","url":"https:\/\/foxsecur.ca\/fr_FR\/","name":"FoxSecur","description":"Electronic Security Systems and Services","publisher":{"@id":"https:\/\/foxsecur.ca\/fr_FR\/#organization"},"potentialAction":[{"@type":"SearchAction","target":{"@type":"EntryPoint","urlTemplate":"https:\/\/foxsecur.ca\/fr_FR\/?s={search_term_string}"},"query-input":{"@type":"PropertyValueSpecification","valueRequired":true,"valueName":"search_term_string"}}],"inLanguage":"en-US"},{"@type":"Organization","@id":"https:\/\/foxsecur.ca\/fr_FR\/#organization","name":"Fox Secur","url":"https:\/\/foxsecur.ca\/fr_FR\/","logo":{"@type":"ImageObject","inLanguage":"en-US","@id":"https:\/\/foxsecur.ca\/fr_FR\/#\/schema\/logo\/image\/","url":"https:\/\/foxsecur.ca\/wp-content\/uploads\/2020\/04\/New-Fox-Logo-white-1.jpg","contentUrl":"https:\/\/foxsecur.ca\/wp-content\/uploads\/2020\/04\/New-Fox-Logo-white-1.jpg","width":194,"height":108,"caption":"Fox Secur"},"image":{"@id":"https:\/\/foxsecur.ca\/fr_FR\/#\/schema\/logo\/image\/"}}]}},"_links":{"self":[{"href":"https:\/\/foxsecur.ca\/fr_FR\/wp-json\/wp\/v2\/pages\/3698","targetHints":{"allow":["GET"]}}],"collection":[{"href":"https:\/\/foxsecur.ca\/fr_FR\/wp-json\/wp\/v2\/pages"}],"about":[{"href":"https:\/\/foxsecur.ca\/fr_FR\/wp-json\/wp\/v2\/types\/page"}],"author":[{"embeddable":true,"href":"https:\/\/foxsecur.ca\/fr_FR\/wp-json\/wp\/v2\/users\/4"}],"replies":[{"embeddable":true,"href":"https:\/\/foxsecur.ca\/fr_FR\/wp-json\/wp\/v2\/comments?post=3698"}],"version-history":[{"count":6,"href":"https:\/\/foxsecur.ca\/fr_FR\/wp-json\/wp\/v2\/pages\/3698\/revisions"}],"predecessor-version":[{"id":21519,"href":"https:\/\/foxsecur.ca\/fr_FR\/wp-json\/wp\/v2\/pages\/3698\/revisions\/21519"}],"wp:attachment":[{"href":"https:\/\/foxsecur.ca\/fr_FR\/wp-json\/wp\/v2\/media?parent=3698"}],"curies":[{"name":"wp","href":"https:\/\/api.w.org\/{rel}","templated":true}]}}